{"id":2631,"date":"2021-06-10T10:33:54","date_gmt":"2021-06-10T10:33:54","guid":{"rendered":"https:\/\/clinicaendo.com\/dental-services-for-professionals\/"},"modified":"2021-08-05T10:40:40","modified_gmt":"2021-08-05T10:40:40","slug":"for-professionals","status":"publish","type":"page","link":"https:\/\/clinicaendo.com\/en\/for-professionals\/","title":{"rendered":"Dental services for professionals"},"content":{"rendered":"\t\t<div data-elementor-type=\"wp-page\" data-elementor-id=\"2631\" class=\"elementor elementor-2631 elementor-310\" data-elementor-post-type=\"page\">\n\t\t\t\t\t\t<section class=\"elementor-section elementor-top-section elementor-element elementor-element-ffad6bc elementor-section-height-min-height elementor-section-full_width elementor-section-items-bottom elementor-section-height-default\" data-id=\"ffad6bc\" data-element_type=\"section\" data-e-type=\"section\" data-settings=\"{&quot;background_background&quot;:&quot;classic&quot;}\">\n\t\t\t\t\t\t\t<div class=\"elementor-background-overlay\"><\/div>\n\t\t\t\t\t\t\t<div class=\"elementor-container elementor-column-gap-no\">\n\t\t\t\t\t<div class=\"elementor-column elementor-col-100 elementor-top-column elementor-element elementor-element-8a6096b\" data-id=\"8a6096b\" data-element_type=\"column\" data-e-type=\"column\" data-settings=\"{&quot;background_background&quot;:&quot;classic&quot;}\">\n\t\t\t<div class=\"elementor-widget-wrap elementor-element-populated\">\n\t\t\t\t\t\t<div class=\"elementor-element elementor-element-d8a3735 elementor-hidden-desktop elementor-hidden-tablet elementor-widget elementor-widget-image\" data-id=\"d8a3735\" data-element_type=\"widget\" data-e-type=\"widget\" data-widget_type=\"image.default\">\n\t\t\t\t<div class=\"elementor-widget-container\">\n\t\t\t\t\t\t\t\t\t\t\t\t\t\t\t<img fetchpriority=\"high\" decoding=\"async\" width=\"900\" height=\"578\" src=\"https:\/\/clinicaendo.com\/wp-content\/uploads\/para-profesonales-clinica-endo-1024x658.jpg\" class=\"attachment-large size-large wp-image-2560\" alt=\"\" srcset=\"https:\/\/clinicaendo.com\/wp-content\/uploads\/para-profesonales-clinica-endo-1024x658.jpg 1024w, https:\/\/clinicaendo.com\/wp-content\/uploads\/para-profesonales-clinica-endo-300x193.jpg 300w, https:\/\/clinicaendo.com\/wp-content\/uploads\/para-profesonales-clinica-endo-768x494.jpg 768w, https:\/\/clinicaendo.com\/wp-content\/uploads\/para-profesonales-clinica-endo-1536x988.jpg 1536w, https:\/\/clinicaendo.com\/wp-content\/uploads\/para-profesonales-clinica-endo.jpg 2000w\" sizes=\"(max-width: 900px) 100vw, 900px\" \/>\t\t\t\t\t\t\t\t\t\t\t\t\t\t\t<\/div>\n\t\t\t\t<\/div>\n\t\t\t\t<section class=\"elementor-section elementor-inner-section elementor-element elementor-element-07a16ea elementor-section-content-middle elementor-section-boxed elementor-section-height-default elementor-section-height-default\" data-id=\"07a16ea\" data-element_type=\"section\" data-e-type=\"section\" data-settings=\"{&quot;background_background&quot;:&quot;classic&quot;}\">\n\t\t\t\t\t\t\t<div class=\"elementor-background-overlay\"><\/div>\n\t\t\t\t\t\t\t<div class=\"elementor-container elementor-column-gap-default\">\n\t\t\t\t\t<div class=\"elementor-column elementor-col-50 elementor-inner-column elementor-element elementor-element-6a8c156\" data-id=\"6a8c156\" data-element_type=\"column\" data-e-type=\"column\">\n\t\t\t<div class=\"elementor-widget-wrap elementor-element-populated\">\n\t\t\t\t\t\t<div class=\"elementor-element elementor-element-a385599 elementor-widget elementor-widget-heading\" data-id=\"a385599\" data-element_type=\"widget\" data-e-type=\"widget\" data-widget_type=\"heading.default\">\n\t\t\t\t<div class=\"elementor-widget-container\">\n\t\t\t\t\t<h3 class=\"elementor-heading-title elementor-size-default\">CL\u00cdNICA <b>ENDO<\/b> MADRID<\/h3>\t\t\t\t<\/div>\n\t\t\t\t<\/div>\n\t\t\t\t<div class=\"elementor-element elementor-element-df5fa62 elementor-widget elementor-widget-heading\" data-id=\"df5fa62\" data-element_type=\"widget\" data-e-type=\"widget\" data-widget_type=\"heading.default\">\n\t\t\t\t<div class=\"elementor-widget-container\">\n\t\t\t\t\t<h1 class=\"elementor-heading-title elementor-size-default\">Dental services <b>for professionals<\/b><\/h1>\t\t\t\t<\/div>\n\t\t\t\t<\/div>\n\t\t\t\t\t<\/div>\n\t\t<\/div>\n\t\t\t\t<div class=\"elementor-column elementor-col-50 elementor-inner-column elementor-element elementor-element-d1fc555\" data-id=\"d1fc555\" data-element_type=\"column\" data-e-type=\"column\">\n\t\t\t<div class=\"elementor-widget-wrap elementor-element-populated\">\n\t\t\t\t\t\t<div class=\"elementor-element elementor-element-5dd960a elementor-widget elementor-widget-text-editor\" data-id=\"5dd960a\" data-element_type=\"widget\" data-e-type=\"widget\" data-widget_type=\"text-editor.default\">\n\t\t\t\t<div class=\"elementor-widget-container\">\n\t\t\t\t\t\t\t\t\t<p>Our great reputation and years of experience have allowed us to enjoy a certain prestige as a benchmark in <strong>Endodontics and Dental Traumatology<\/strong> among professionals in the sector.<\/p>\n<p>This section is dedicated to these professionals.<\/p>\n\t\t\t\t\t\t\t\t<\/div>\n\t\t\t\t<\/div>\n\t\t\t\t\t<\/div>\n\t\t<\/div>\n\t\t\t\t\t<\/div>\n\t\t<\/section>\n\t\t\t\t\t<\/div>\n\t\t<\/div>\n\t\t\t\t\t<\/div>\n\t\t<\/section>\n\t\t\t\t<section class=\"elementor-section elementor-top-section elementor-element elementor-element-d986fd6 elementor-section-height-min-height elementor-section-items-stretch elementor-section-boxed elementor-section-height-default\" data-id=\"d986fd6\" data-element_type=\"section\" data-e-type=\"section\" id=\"stays\" data-settings=\"{&quot;background_background&quot;:&quot;classic&quot;}\">\n\t\t\t\t\t\t<div class=\"elementor-container elementor-column-gap-default\">\n\t\t\t\t\t<div class=\"elementor-column elementor-col-100 elementor-top-column elementor-element elementor-element-4a498d8\" data-id=\"4a498d8\" data-element_type=\"column\" data-e-type=\"column\">\n\t\t\t<div class=\"elementor-widget-wrap elementor-element-populated\">\n\t\t\t\t\t\t<div class=\"elementor-element elementor-element-d21570d elementor-cta--layout-image-left elementor-cta--valign-middle elementor-cta--mobile-layout-image-above elementor-cta--skin-classic elementor-animated-content elementor-widget elementor-widget-call-to-action\" data-id=\"d21570d\" data-element_type=\"widget\" data-e-type=\"widget\" data-widget_type=\"call-to-action.default\">\n\t\t\t\t<div class=\"elementor-widget-container\">\n\t\t\t\t\t\t\t<div class=\"elementor-cta\">\n\t\t\t\t\t<div class=\"elementor-cta__bg-wrapper\">\n\t\t\t\t<div class=\"elementor-cta__bg elementor-bg\" style=\"background-image: url(https:\/\/clinicaendo.com\/wp-content\/uploads\/estancias-clinicas-768x513.jpg);\" role=\"img\" aria-label=\"estancias clinicas\"><\/div>\n\t\t\t\t<div class=\"elementor-cta__bg-overlay\"><\/div>\n\t\t\t<\/div>\n\t\t\t\t\t\t\t<div class=\"elementor-cta__content\">\n\t\t\t\t\n\t\t\t\t\t\t\t\t\t<h3 class=\"elementor-cta__title elementor-cta__content-item elementor-content-item\">\n\t\t\t\t\t\tClinical <b>stays<\/b>\t\t\t\t\t<\/h3>\n\t\t\t\t\n\t\t\t\t\t\t\t\t\t<div class=\"elementor-cta__description elementor-cta__content-item elementor-content-item\">\n\t\t\t\t\t\t<p>Given our experience as teachers, at Cl\u00ednica Endo we offer to professionals interested in Endodontics and Dental Traumatology the possibility of carrying out clinical stays. Do not hesitate to ask us for availability and different options available on 91 345 68 58 or 623 197 355.<\/p>\n<p>If you prefer, you can also contact us through our form.<\/p>\n\t\t\t\t\t<\/div>\n\t\t\t\t\n\t\t\t\t\t\t\t\t\t<div class=\"elementor-cta__button-wrapper elementor-cta__content-item elementor-content-item \">\n\t\t\t\t\t<a class=\"elementor-cta__button elementor-button elementor-size-\" href=\"https:\/\/clinicaendo.com\/en\/contact\/\">\n\t\t\t\t\t\tCONTACT\t\t\t\t\t<\/a>\n\t\t\t\t\t<\/div>\n\t\t\t\t\t\t\t<\/div>\n\t\t\t\t\t\t<\/div>\n\t\t\t\t\t\t<\/div>\n\t\t\t\t<\/div>\n\t\t\t\t\t<\/div>\n\t\t<\/div>\n\t\t\t\t\t<\/div>\n\t\t<\/section>\n\t\t\t\t<section class=\"elementor-section elementor-top-section elementor-element elementor-element-16d2af2 elementor-section-height-min-height elementor-section-items-stretch elementor-section-boxed elementor-section-height-default\" data-id=\"16d2af2\" data-element_type=\"section\" data-e-type=\"section\" id=\"referral\" data-settings=\"{&quot;background_background&quot;:&quot;classic&quot;}\">\n\t\t\t\t\t\t<div class=\"elementor-container elementor-column-gap-default\">\n\t\t\t\t\t<div class=\"elementor-column elementor-col-100 elementor-top-column elementor-element elementor-element-d72618b\" data-id=\"d72618b\" data-element_type=\"column\" data-e-type=\"column\">\n\t\t\t<div class=\"elementor-widget-wrap elementor-element-populated\">\n\t\t\t\t\t\t<div class=\"elementor-element elementor-element-06180d8 elementor-cta--layout-image-right elementor-cta--valign-middle elementor-cta--mobile-layout-image-above elementor-cta--skin-classic elementor-animated-content elementor-widget elementor-widget-call-to-action\" data-id=\"06180d8\" data-element_type=\"widget\" data-e-type=\"widget\" data-widget_type=\"call-to-action.default\">\n\t\t\t\t<div class=\"elementor-widget-container\">\n\t\t\t\t\t\t\t<div class=\"elementor-cta\">\n\t\t\t\t\t<div class=\"elementor-cta__bg-wrapper\">\n\t\t\t\t<div class=\"elementor-cta__bg elementor-bg\" style=\"background-image: url(https:\/\/clinicaendo.com\/wp-content\/uploads\/referidores-768x513.jpg);\" role=\"img\" aria-label=\"referidores\"><\/div>\n\t\t\t\t<div class=\"elementor-cta__bg-overlay\"><\/div>\n\t\t\t<\/div>\n\t\t\t\t\t\t\t<div class=\"elementor-cta__content\">\n\t\t\t\t\n\t\t\t\t\t\t\t\t\t<h3 class=\"elementor-cta__title elementor-cta__content-item elementor-content-item\">\n\t\t\t\t\t\t<b>Referral<\/b> Dentists\t\t\t\t\t<\/h3>\n\t\t\t\t\n\t\t\t\t\t\t\t\t\t<div class=\"elementor-cta__description elementor-cta__content-item elementor-content-item\">\n\t\t\t\t\t\t<p><span style=\"font-weight: 400\">To refer a patient to Cl\u00ednica Endo, contact us at: 91 345 68 58\/623 197 355.\u00a0 Do not hesitate to refer us not only those cases for treatment but if there are diagnostic doubts about the case and we will plan an evaluation appointment to perform complementary diagnostic tests (such as high-resolution CBCT).\u00a0<\/span><\/p>\n\t\t\t\t\t<\/div>\n\t\t\t\t\n\t\t\t\t\t\t\t\t\t<div class=\"elementor-cta__button-wrapper elementor-cta__content-item elementor-content-item \">\n\t\t\t\t\t<a class=\"elementor-cta__button elementor-button elementor-size-\" href=\"https:\/\/clinicaendo.com\/wp-content\/uploads\/VOLANTE-PARA-PACIENTES-REFERIDOS.pdf\" target=\"_blank\">\n\t\t\t\t\t\tDOWNLOAD THE REFERRAL DOCUMENT FOR YOUR PATIENTS\t\t\t\t\t<\/a>\n\t\t\t\t\t<\/div>\n\t\t\t\t\t\t\t<\/div>\n\t\t\t\t\t\t<\/div>\n\t\t\t\t\t\t<\/div>\n\t\t\t\t<\/div>\n\t\t\t\t\t<\/div>\n\t\t<\/div>\n\t\t\t\t\t<\/div>\n\t\t<\/section>\n\t\t\t\t<section class=\"elementor-section elementor-top-section elementor-element elementor-element-0c5c026 elementor-section-height-min-height elementor-section-items-stretch elementor-section-boxed elementor-section-height-default\" data-id=\"0c5c026\" data-element_type=\"section\" data-e-type=\"section\" data-settings=\"{&quot;background_background&quot;:&quot;classic&quot;}\">\n\t\t\t\t\t\t<div class=\"elementor-container elementor-column-gap-default\">\n\t\t\t\t\t<div class=\"elementor-column elementor-col-100 elementor-top-column elementor-element elementor-element-209e749\" data-id=\"209e749\" data-element_type=\"column\" data-e-type=\"column\">\n\t\t\t<div class=\"elementor-widget-wrap elementor-element-populated\">\n\t\t\t\t\t\t<div class=\"elementor-element elementor-element-009a2c5 elementor-cta--layout-image-left elementor-cta--valign-middle elementor-cta--mobile-layout-image-above elementor-cta--skin-classic elementor-animated-content elementor-widget elementor-widget-call-to-action\" data-id=\"009a2c5\" data-element_type=\"widget\" data-e-type=\"widget\" data-widget_type=\"call-to-action.default\">\n\t\t\t\t<div class=\"elementor-widget-container\">\n\t\t\t\t\t\t\t<div class=\"elementor-cta\">\n\t\t\t\t\t<div class=\"elementor-cta__bg-wrapper\">\n\t\t\t\t<div class=\"elementor-cta__bg elementor-bg\" style=\"background-image: url(https:\/\/clinicaendo.com\/wp-content\/uploads\/complejos.jpg);\" role=\"img\" aria-label=\"complejos\"><\/div>\n\t\t\t\t<div class=\"elementor-cta__bg-overlay\"><\/div>\n\t\t\t<\/div>\n\t\t\t\t\t\t\t<div class=\"elementor-cta__content\">\n\t\t\t\t\n\t\t\t\t\t\t\t\t\t<h3 class=\"elementor-cta__title elementor-cta__content-item elementor-content-item\">\n\t\t\t\t\t\t<b>Complex<\/b> clinical cases\t\t\t\t\t<\/h3>\n\t\t\t\t\n\t\t\t\t\t\t\t\t\t<div class=\"elementor-cta__description elementor-cta__content-item elementor-content-item\">\n\t\t\t\t\t\t<p>We are specialized in root canal treatments and cases of dental trauma.\u00a0 All root canal treatments at Cl\u00ednica Endo are performed with a Microscope, using the latest techniques in mechanized instrumentation and thermoplastic obturation.\u00a0<\/span><\/p>\n\t\t\t\t\t<\/div>\n\t\t\t\t\n\t\t\t\t\t\t\t\t\t<div class=\"elementor-cta__button-wrapper elementor-cta__content-item elementor-content-item \">\n\t\t\t\t\t<a class=\"elementor-cta__button elementor-button elementor-size-\" href=\"https:\/\/clinicaendo.com\/en\/dental-services-for-professionals\/complex-clinical-cases\/\">\n\t\t\t\t\t\tSEE COMPLEX CLINICAL CASES\t\t\t\t\t<\/a>\n\t\t\t\t\t<\/div>\n\t\t\t\t\t\t\t<\/div>\n\t\t\t\t\t\t<\/div>\n\t\t\t\t\t\t<\/div>\n\t\t\t\t<\/div>\n\t\t\t\t\t<\/div>\n\t\t<\/div>\n\t\t\t\t\t<\/div>\n\t\t<\/section>\n\t\t\t\t<\/div>\n\t\t","protected":false},"excerpt":{"rendered":"<p>CL\u00cdNICA ENDO MADRID Dental services for professionals Our great reputation and years of experience have allowed us to enjoy a certain prestige as a benchmark in Endodontics and Dental Traumatology among professionals in the sector. This section is dedicated to these professionals. Clinical stays Given our experience as teachers, at Cl\u00ednica Endo we offer to &#8230; <a title=\"Dental services for professionals\" class=\"read-more\" href=\"https:\/\/clinicaendo.com\/en\/for-professionals\/\" aria-label=\"Read more about Dental services for professionals\">Read more<\/a><\/p>\n","protected":false},"author":1,"featured_media":0,"parent":0,"menu_order":0,"comment_status":"closed","ping_status":"closed","template":"elementor_header_footer","meta":{"footnotes":""},"class_list":["post-2631","page","type-page","status-publish"],"yoast_head":"<!-- This site is optimized with the Yoast SEO plugin v27.3 - https:\/\/yoast.com\/product\/yoast-seo-wordpress\/ -->\n<title>Dental services for professionals - Cl\u00ednica Endo<\/title>\n<meta name=\"robots\" content=\"index, follow, max-snippet:-1, max-image-preview:large, max-video-preview:-1\" \/>\n<link rel=\"canonical\" href=\"https:\/\/clinicaendo.com\/en\/for-professionals\/\" \/>\n<meta property=\"og:locale\" content=\"en_US\" \/>\n<meta property=\"og:type\" content=\"article\" \/>\n<meta property=\"og:title\" content=\"Dental services for professionals - Cl\u00ednica Endo\" \/>\n<meta property=\"og:description\" content=\"CL\u00cdNICA ENDO MADRID Dental services for professionals Our great reputation and years of experience have allowed us to enjoy a certain prestige as a benchmark in Endodontics and Dental Traumatology among professionals in the sector. This section is dedicated to these professionals. Clinical stays Given our experience as teachers, at Cl\u00ednica Endo we offer to ... Read more\" \/>\n<meta property=\"og:url\" content=\"https:\/\/clinicaendo.com\/en\/for-professionals\/\" \/>\n<meta property=\"og:site_name\" content=\"Cl\u00ednica Endo\" \/>\n<meta property=\"article:modified_time\" content=\"2021-08-05T10:40:40+00:00\" \/>\n<meta property=\"og:image\" content=\"https:\/\/clinicaendo.com\/wp-content\/uploads\/para-profesonales-clinica-endo-1024x658.jpg\" \/>\n<meta name=\"twitter:card\" content=\"summary_large_image\" \/>\n<meta name=\"twitter:label1\" content=\"Est. reading time\" \/>\n\t<meta name=\"twitter:data1\" content=\"2 minutes\" \/>\n<script type=\"application\/ld+json\" class=\"yoast-schema-graph\">{\"@context\":\"https:\\\/\\\/schema.org\",\"@graph\":[{\"@type\":\"WebPage\",\"@id\":\"https:\\\/\\\/clinicaendo.com\\\/en\\\/for-professionals\\\/\",\"url\":\"https:\\\/\\\/clinicaendo.com\\\/en\\\/for-professionals\\\/\",\"name\":\"Dental services for professionals - Cl\u00ednica Endo\",\"isPartOf\":{\"@id\":\"https:\\\/\\\/clinicaendo.com\\\/en\\\/#website\"},\"primaryImageOfPage\":{\"@id\":\"https:\\\/\\\/clinicaendo.com\\\/en\\\/for-professionals\\\/#primaryimage\"},\"image\":{\"@id\":\"https:\\\/\\\/clinicaendo.com\\\/en\\\/for-professionals\\\/#primaryimage\"},\"thumbnailUrl\":\"https:\\\/\\\/clinicaendo.com\\\/wp-content\\\/uploads\\\/para-profesonales-clinica-endo-1024x658.jpg\",\"datePublished\":\"2021-06-10T10:33:54+00:00\",\"dateModified\":\"2021-08-05T10:40:40+00:00\",\"breadcrumb\":{\"@id\":\"https:\\\/\\\/clinicaendo.com\\\/en\\\/for-professionals\\\/#breadcrumb\"},\"inLanguage\":\"en-US\",\"potentialAction\":[{\"@type\":\"ReadAction\",\"target\":[\"https:\\\/\\\/clinicaendo.com\\\/en\\\/for-professionals\\\/\"]}]},{\"@type\":\"ImageObject\",\"inLanguage\":\"en-US\",\"@id\":\"https:\\\/\\\/clinicaendo.com\\\/en\\\/for-professionals\\\/#primaryimage\",\"url\":\"https:\\\/\\\/clinicaendo.com\\\/wp-content\\\/uploads\\\/para-profesonales-clinica-endo-1024x658.jpg\",\"contentUrl\":\"https:\\\/\\\/clinicaendo.com\\\/wp-content\\\/uploads\\\/para-profesonales-clinica-endo-1024x658.jpg\"},{\"@type\":\"BreadcrumbList\",\"@id\":\"https:\\\/\\\/clinicaendo.com\\\/en\\\/for-professionals\\\/#breadcrumb\",\"itemListElement\":[{\"@type\":\"ListItem\",\"position\":1,\"name\":\"Portada\",\"item\":\"https:\\\/\\\/clinicaendo.com\\\/en\\\/\"},{\"@type\":\"ListItem\",\"position\":2,\"name\":\"Dental services for professionals\"}]},{\"@type\":\"WebSite\",\"@id\":\"https:\\\/\\\/clinicaendo.com\\\/en\\\/#website\",\"url\":\"https:\\\/\\\/clinicaendo.com\\\/en\\\/\",\"name\":\"Cl\u00ednica Endo\",\"description\":\"Centro odontol\u00f3gico con dedicaci\u00f3n exclusiva a la Endodoncia Microsc\u00f3pica y Traumatolog\u00eda Dental.\",\"publisher\":{\"@id\":\"https:\\\/\\\/clinicaendo.com\\\/en\\\/#organization\"},\"potentialAction\":[{\"@type\":\"SearchAction\",\"target\":{\"@type\":\"EntryPoint\",\"urlTemplate\":\"https:\\\/\\\/clinicaendo.com\\\/en\\\/?s={search_term_string}\"},\"query-input\":{\"@type\":\"PropertyValueSpecification\",\"valueRequired\":true,\"valueName\":\"search_term_string\"}}],\"inLanguage\":\"en-US\"},{\"@type\":\"Organization\",\"@id\":\"https:\\\/\\\/clinicaendo.com\\\/en\\\/#organization\",\"name\":\"Cl\u00ednica Endo\",\"url\":\"https:\\\/\\\/clinicaendo.com\\\/en\\\/\",\"logo\":{\"@type\":\"ImageObject\",\"inLanguage\":\"en-US\",\"@id\":\"https:\\\/\\\/clinicaendo.com\\\/en\\\/#\\\/schema\\\/logo\\\/image\\\/\",\"url\":\"https:\\\/\\\/clinicaendo.com\\\/wp-content\\\/uploads\\\/logotipo-horizontal-clinica-endo.png\",\"contentUrl\":\"https:\\\/\\\/clinicaendo.com\\\/wp-content\\\/uploads\\\/logotipo-horizontal-clinica-endo.png\",\"width\":398,\"height\":119,\"caption\":\"Cl\u00ednica Endo\"},\"image\":{\"@id\":\"https:\\\/\\\/clinicaendo.com\\\/en\\\/#\\\/schema\\\/logo\\\/image\\\/\"}}]}<\/script>\n<!-- \/ Yoast SEO plugin. -->","yoast_head_json":{"title":"Dental services for professionals - Cl\u00ednica Endo","robots":{"index":"index","follow":"follow","max-snippet":"max-snippet:-1","max-image-preview":"max-image-preview:large","max-video-preview":"max-video-preview:-1"},"canonical":"https:\/\/clinicaendo.com\/en\/for-professionals\/","og_locale":"en_US","og_type":"article","og_title":"Dental services for professionals - Cl\u00ednica Endo","og_description":"CL\u00cdNICA ENDO MADRID Dental services for professionals Our great reputation and years of experience have allowed us to enjoy a certain prestige as a benchmark in Endodontics and Dental Traumatology among professionals in the sector. This section is dedicated to these professionals. Clinical stays Given our experience as teachers, at Cl\u00ednica Endo we offer to ... Read more","og_url":"https:\/\/clinicaendo.com\/en\/for-professionals\/","og_site_name":"Cl\u00ednica Endo","article_modified_time":"2021-08-05T10:40:40+00:00","og_image":[{"url":"https:\/\/clinicaendo.com\/wp-content\/uploads\/para-profesonales-clinica-endo-1024x658.jpg","type":"","width":"","height":""}],"twitter_card":"summary_large_image","twitter_misc":{"Est. reading time":"2 minutes"},"schema":{"@context":"https:\/\/schema.org","@graph":[{"@type":"WebPage","@id":"https:\/\/clinicaendo.com\/en\/for-professionals\/","url":"https:\/\/clinicaendo.com\/en\/for-professionals\/","name":"Dental services for professionals - Cl\u00ednica Endo","isPartOf":{"@id":"https:\/\/clinicaendo.com\/en\/#website"},"primaryImageOfPage":{"@id":"https:\/\/clinicaendo.com\/en\/for-professionals\/#primaryimage"},"image":{"@id":"https:\/\/clinicaendo.com\/en\/for-professionals\/#primaryimage"},"thumbnailUrl":"https:\/\/clinicaendo.com\/wp-content\/uploads\/para-profesonales-clinica-endo-1024x658.jpg","datePublished":"2021-06-10T10:33:54+00:00","dateModified":"2021-08-05T10:40:40+00:00","breadcrumb":{"@id":"https:\/\/clinicaendo.com\/en\/for-professionals\/#breadcrumb"},"inLanguage":"en-US","potentialAction":[{"@type":"ReadAction","target":["https:\/\/clinicaendo.com\/en\/for-professionals\/"]}]},{"@type":"ImageObject","inLanguage":"en-US","@id":"https:\/\/clinicaendo.com\/en\/for-professionals\/#primaryimage","url":"https:\/\/clinicaendo.com\/wp-content\/uploads\/para-profesonales-clinica-endo-1024x658.jpg","contentUrl":"https:\/\/clinicaendo.com\/wp-content\/uploads\/para-profesonales-clinica-endo-1024x658.jpg"},{"@type":"BreadcrumbList","@id":"https:\/\/clinicaendo.com\/en\/for-professionals\/#breadcrumb","itemListElement":[{"@type":"ListItem","position":1,"name":"Portada","item":"https:\/\/clinicaendo.com\/en\/"},{"@type":"ListItem","position":2,"name":"Dental services for professionals"}]},{"@type":"WebSite","@id":"https:\/\/clinicaendo.com\/en\/#website","url":"https:\/\/clinicaendo.com\/en\/","name":"Cl\u00ednica Endo","description":"Centro odontol\u00f3gico con dedicaci\u00f3n exclusiva a la Endodoncia Microsc\u00f3pica y Traumatolog\u00eda Dental.","publisher":{"@id":"https:\/\/clinicaendo.com\/en\/#organization"},"potentialAction":[{"@type":"SearchAction","target":{"@type":"EntryPoint","urlTemplate":"https:\/\/clinicaendo.com\/en\/?s={search_term_string}"},"query-input":{"@type":"PropertyValueSpecification","valueRequired":true,"valueName":"search_term_string"}}],"inLanguage":"en-US"},{"@type":"Organization","@id":"https:\/\/clinicaendo.com\/en\/#organization","name":"Cl\u00ednica Endo","url":"https:\/\/clinicaendo.com\/en\/","logo":{"@type":"ImageObject","inLanguage":"en-US","@id":"https:\/\/clinicaendo.com\/en\/#\/schema\/logo\/image\/","url":"https:\/\/clinicaendo.com\/wp-content\/uploads\/logotipo-horizontal-clinica-endo.png","contentUrl":"https:\/\/clinicaendo.com\/wp-content\/uploads\/logotipo-horizontal-clinica-endo.png","width":398,"height":119,"caption":"Cl\u00ednica Endo"},"image":{"@id":"https:\/\/clinicaendo.com\/en\/#\/schema\/logo\/image\/"}}]}},"_links":{"self":[{"href":"https:\/\/clinicaendo.com\/en\/wp-json\/wp\/v2\/pages\/2631","targetHints":{"allow":["GET"]}}],"collection":[{"href":"https:\/\/clinicaendo.com\/en\/wp-json\/wp\/v2\/pages"}],"about":[{"href":"https:\/\/clinicaendo.com\/en\/wp-json\/wp\/v2\/types\/page"}],"author":[{"embeddable":true,"href":"https:\/\/clinicaendo.com\/en\/wp-json\/wp\/v2\/users\/1"}],"replies":[{"embeddable":true,"href":"https:\/\/clinicaendo.com\/en\/wp-json\/wp\/v2\/comments?post=2631"}],"version-history":[{"count":23,"href":"https:\/\/clinicaendo.com\/en\/wp-json\/wp\/v2\/pages\/2631\/revisions"}],"predecessor-version":[{"id":2902,"href":"https:\/\/clinicaendo.com\/en\/wp-json\/wp\/v2\/pages\/2631\/revisions\/2902"}],"wp:attachment":[{"href":"https:\/\/clinicaendo.com\/en\/wp-json\/wp\/v2\/media?parent=2631"}],"curies":[{"name":"wp","href":"https:\/\/api.w.org\/{rel}","templated":true}]}}