{"id":2661,"date":"2021-06-10T11:50:40","date_gmt":"2021-06-10T11:50:40","guid":{"rendered":"https:\/\/clinicaendo.com\/contact\/"},"modified":"2021-10-04T11:29:46","modified_gmt":"2021-10-04T11:29:46","slug":"contact","status":"publish","type":"page","link":"https:\/\/clinicaendo.com\/en\/contact\/","title":{"rendered":"Contact"},"content":{"rendered":"\t\t<div data-elementor-type=\"wp-page\" data-elementor-id=\"2661\" class=\"elementor elementor-2661 elementor-86\" data-elementor-post-type=\"page\">\n\t\t\t\t\t\t<section class=\"elementor-section elementor-top-section elementor-element elementor-element-49833ed elementor-section-height-min-height elementor-section-full_width elementor-section-items-bottom elementor-section-height-default\" data-id=\"49833ed\" data-element_type=\"section\" data-e-type=\"section\" data-settings=\"{&quot;background_background&quot;:&quot;classic&quot;}\">\n\t\t\t\t\t\t\t<div class=\"elementor-background-overlay\"><\/div>\n\t\t\t\t\t\t\t<div class=\"elementor-container elementor-column-gap-no\">\n\t\t\t\t\t<div class=\"elementor-column elementor-col-100 elementor-top-column elementor-element elementor-element-a91d51f\" data-id=\"a91d51f\" data-element_type=\"column\" data-e-type=\"column\" data-settings=\"{&quot;background_background&quot;:&quot;classic&quot;}\">\n\t\t\t<div class=\"elementor-widget-wrap elementor-element-populated\">\n\t\t\t\t\t\t<div class=\"elementor-element elementor-element-e0756a0 elementor-hidden-desktop elementor-hidden-tablet elementor-widget elementor-widget-image\" data-id=\"e0756a0\" data-element_type=\"widget\" data-e-type=\"widget\" data-widget_type=\"image.default\">\n\t\t\t\t<div class=\"elementor-widget-container\">\n\t\t\t\t\t\t\t\t\t\t\t\t\t\t\t<img fetchpriority=\"high\" decoding=\"async\" width=\"900\" height=\"600\" src=\"https:\/\/clinicaendo.com\/wp-content\/uploads\/para-profesionales-1024x683.jpg\" class=\"attachment-large size-large wp-image-2525\" alt=\"\" srcset=\"https:\/\/clinicaendo.com\/wp-content\/uploads\/para-profesionales-1024x683.jpg 1024w, https:\/\/clinicaendo.com\/wp-content\/uploads\/para-profesionales-300x200.jpg 300w, https:\/\/clinicaendo.com\/wp-content\/uploads\/para-profesionales-768x512.jpg 768w, https:\/\/clinicaendo.com\/wp-content\/uploads\/para-profesionales-1536x1024.jpg 1536w, https:\/\/clinicaendo.com\/wp-content\/uploads\/para-profesionales.jpg 1920w\" sizes=\"(max-width: 900px) 100vw, 900px\" \/>\t\t\t\t\t\t\t\t\t\t\t\t\t\t\t<\/div>\n\t\t\t\t<\/div>\n\t\t\t\t<section class=\"elementor-section elementor-inner-section elementor-element elementor-element-cde97f0 elementor-section-content-middle elementor-section-boxed elementor-section-height-default elementor-section-height-default\" data-id=\"cde97f0\" data-element_type=\"section\" data-e-type=\"section\" data-settings=\"{&quot;background_background&quot;:&quot;classic&quot;}\">\n\t\t\t\t\t\t\t<div class=\"elementor-background-overlay\"><\/div>\n\t\t\t\t\t\t\t<div class=\"elementor-container elementor-column-gap-default\">\n\t\t\t\t\t<div class=\"elementor-column elementor-col-50 elementor-inner-column elementor-element elementor-element-0d64844\" data-id=\"0d64844\" data-element_type=\"column\" data-e-type=\"column\">\n\t\t\t<div class=\"elementor-widget-wrap elementor-element-populated\">\n\t\t\t\t\t\t<div class=\"elementor-element elementor-element-4ddf2f1 elementor-widget elementor-widget-heading\" data-id=\"4ddf2f1\" data-element_type=\"widget\" data-e-type=\"widget\" data-widget_type=\"heading.default\">\n\t\t\t\t<div class=\"elementor-widget-container\">\n\t\t\t\t\t<h3 class=\"elementor-heading-title elementor-size-default\">CL\u00cdNICA <b>ENDO<\/b> MADRID<\/h3>\t\t\t\t<\/div>\n\t\t\t\t<\/div>\n\t\t\t\t<div class=\"elementor-element elementor-element-56e8582 elementor-widget elementor-widget-heading\" data-id=\"56e8582\" data-element_type=\"widget\" data-e-type=\"widget\" data-widget_type=\"heading.default\">\n\t\t\t\t<div class=\"elementor-widget-container\">\n\t\t\t\t\t<h1 class=\"elementor-heading-title elementor-size-default\"><b>Contact us<\/b><\/h1>\t\t\t\t<\/div>\n\t\t\t\t<\/div>\n\t\t\t\t<div class=\"elementor-element elementor-element-427e176 elementor-widget-divider--view-line elementor-widget elementor-widget-divider\" data-id=\"427e176\" data-element_type=\"widget\" data-e-type=\"widget\" data-widget_type=\"divider.default\">\n\t\t\t\t<div class=\"elementor-widget-container\">\n\t\t\t\t\t\t\t<div class=\"elementor-divider\">\n\t\t\t<span class=\"elementor-divider-separator\">\n\t\t\t\t\t\t<\/span>\n\t\t<\/div>\n\t\t\t\t\t\t<\/div>\n\t\t\t\t<\/div>\n\t\t\t\t<div class=\"elementor-element elementor-element-95f728c elementor-align-start elementor-icon-list--layout-traditional elementor-list-item-link-full_width elementor-widget elementor-widget-icon-list\" data-id=\"95f728c\" data-element_type=\"widget\" data-e-type=\"widget\" data-widget_type=\"icon-list.default\">\n\t\t\t\t<div class=\"elementor-widget-container\">\n\t\t\t\t\t\t\t<ul class=\"elementor-icon-list-items\">\n\t\t\t\t\t\t\t<li class=\"elementor-icon-list-item\">\n\t\t\t\t\t\t\t\t\t\t\t<span class=\"elementor-icon-list-icon\">\n\t\t\t\t\t\t\t<i aria-hidden=\"true\" class=\"fas fa-map-marker-alt\"><\/i>\t\t\t\t\t\t<\/span>\n\t\t\t\t\t\t\t\t\t\t<span class=\"elementor-icon-list-text\">Paseo de la Habana, 184 - 28036 - Madrid<\/span>\n\t\t\t\t\t\t\t\t\t<\/li>\n\t\t\t\t\t\t\t\t<li class=\"elementor-icon-list-item\">\n\t\t\t\t\t\t\t\t\t\t\t<a href=\"tel:+34913456858\">\n\n\t\t\t\t\t\t\t\t\t\t\t\t<span class=\"elementor-icon-list-icon\">\n\t\t\t\t\t\t\t<i aria-hidden=\"true\" class=\"fas fa-phone-alt\"><\/i>\t\t\t\t\t\t<\/span>\n\t\t\t\t\t\t\t\t\t\t<span class=\"elementor-icon-list-text\">91 345 68 58<\/span>\n\t\t\t\t\t\t\t\t\t\t\t<\/a>\n\t\t\t\t\t\t\t\t\t<\/li>\n\t\t\t\t\t\t\t\t<li class=\"elementor-icon-list-item\">\n\t\t\t\t\t\t\t\t\t\t\t<a href=\"tel:+34623197355\">\n\n\t\t\t\t\t\t\t\t\t\t\t\t<span class=\"elementor-icon-list-icon\">\n\t\t\t\t\t\t\t<i aria-hidden=\"true\" class=\"fas fa-mobile-alt\"><\/i>\t\t\t\t\t\t<\/span>\n\t\t\t\t\t\t\t\t\t\t<span class=\"elementor-icon-list-text\">623 197 355<\/span>\n\t\t\t\t\t\t\t\t\t\t\t<\/a>\n\t\t\t\t\t\t\t\t\t<\/li>\n\t\t\t\t\t\t\t\t<li class=\"elementor-icon-list-item\">\n\t\t\t\t\t\t\t\t\t\t\t<a href=\"mailto:clinicaendoytraumatologia@outlook.es\">\n\n\t\t\t\t\t\t\t\t\t\t\t\t<span class=\"elementor-icon-list-icon\">\n\t\t\t\t\t\t\t<i aria-hidden=\"true\" class=\"far fa-envelope\"><\/i>\t\t\t\t\t\t<\/span>\n\t\t\t\t\t\t\t\t\t\t<span class=\"elementor-icon-list-text\">clinicaendoytraumatologia@outlook.es<\/span>\n\t\t\t\t\t\t\t\t\t\t\t<\/a>\n\t\t\t\t\t\t\t\t\t<\/li>\n\t\t\t\t\t\t<\/ul>\n\t\t\t\t\t\t<\/div>\n\t\t\t\t<\/div>\n\t\t\t\t\t<\/div>\n\t\t<\/div>\n\t\t\t\t<div class=\"elementor-column elementor-col-50 elementor-inner-column elementor-element elementor-element-520eb89\" data-id=\"520eb89\" data-element_type=\"column\" data-e-type=\"column\">\n\t\t\t<div class=\"elementor-widget-wrap elementor-element-populated\">\n\t\t\t\t\t\t<div class=\"elementor-element elementor-element-8accdd9 elementor-button-align-start elementor-widget elementor-widget-form\" data-id=\"8accdd9\" data-element_type=\"widget\" data-e-type=\"widget\" data-settings=\"{&quot;step_next_label&quot;:&quot;Next&quot;,&quot;step_previous_label&quot;:&quot;Previous&quot;,&quot;button_width&quot;:&quot;100&quot;,&quot;step_type&quot;:&quot;number_text&quot;,&quot;step_icon_shape&quot;:&quot;circle&quot;}\" data-widget_type=\"form.default\">\n\t\t\t\t<div class=\"elementor-widget-container\">\n\t\t\t\t\t\t\t<form class=\"elementor-form\" method=\"post\" name=\"New Form\" aria-label=\"New Form\">\n\t\t\t<input type=\"hidden\" name=\"post_id\" value=\"2661\"\/>\n\t\t\t<input type=\"hidden\" name=\"form_id\" value=\"8accdd9\"\/>\n\t\t\t<input type=\"hidden\" name=\"referer_title\" value=\"Contact - Cl\u00ednica Endo\" \/>\n\n\t\t\t\t\t\t\t<input type=\"hidden\" name=\"queried_id\" value=\"2661\"\/>\n\t\t\t\n\t\t\t<div class=\"elementor-form-fields-wrapper elementor-labels-above\">\n\t\t\t\t\t\t\t\t<div class=\"elementor-field-type-text elementor-field-group elementor-column elementor-field-group-name elementor-col-100\">\n\t\t\t\t\t\t\t\t\t\t\t\t<label for=\"form-field-name\" class=\"elementor-field-label\">\n\t\t\t\t\t\t\t\tName and surname\t\t\t\t\t\t\t<\/label>\n\t\t\t\t\t\t\t\t\t\t\t\t\t\t<input size=\"1\" type=\"text\" name=\"form_fields[name]\" id=\"form-field-name\" class=\"elementor-field elementor-size-sm  elementor-field-textual\">\n\t\t\t\t\t\t\t\t\t\t\t<\/div>\n\t\t\t\t\t\t\t\t<div class=\"elementor-field-type-email elementor-field-group elementor-column elementor-field-group-email elementor-col-50 elementor-field-required\">\n\t\t\t\t\t\t\t\t\t\t\t\t<label for=\"form-field-email\" class=\"elementor-field-label\">\n\t\t\t\t\t\t\t\tEmail\t\t\t\t\t\t\t<\/label>\n\t\t\t\t\t\t\t\t\t\t\t\t\t\t<input size=\"1\" type=\"email\" name=\"form_fields[email]\" id=\"form-field-email\" class=\"elementor-field elementor-size-sm  elementor-field-textual\" required=\"required\">\n\t\t\t\t\t\t\t\t\t\t\t<\/div>\n\t\t\t\t\t\t\t\t<div class=\"elementor-field-type-tel elementor-field-group elementor-column elementor-field-group-field_c8e879e elementor-col-50\">\n\t\t\t\t\t\t\t\t\t\t\t\t<label for=\"form-field-field_c8e879e\" class=\"elementor-field-label\">\n\t\t\t\t\t\t\t\tTelephone\t\t\t\t\t\t\t<\/label>\n\t\t\t\t\t\t\t\t<input size=\"1\" type=\"tel\" name=\"form_fields[field_c8e879e]\" id=\"form-field-field_c8e879e\" class=\"elementor-field elementor-size-sm  elementor-field-textual\" pattern=\"[0-9()#&amp;+*-=.]+\" title=\"Only numbers and phone characters (#, -, *, etc) are accepted.\">\n\n\t\t\t\t\t\t<\/div>\n\t\t\t\t\t\t\t\t<div class=\"elementor-field-type-checkbox elementor-field-group elementor-column elementor-field-group-field_289046f elementor-col-100\">\n\t\t\t\t\t\t\t\t\t\t\t\t<label for=\"form-field-field_289046f\" class=\"elementor-field-label\">\n\t\t\t\t\t\t\t\tCase\t\t\t\t\t\t\t<\/label>\n\t\t\t\t\t\t<div class=\"elementor-field-subgroup  elementor-subgroup-inline\"><span class=\"elementor-field-option\"><input type=\"checkbox\" value=\"Endodoncia_microscopio\" id=\"form-field-field_289046f-0\" name=\"form_fields[field_289046f][]\"> <label for=\"form-field-field_289046f-0\">Microscopic Endodontics<\/label><\/span><span class=\"elementor-field-option\"><input type=\"checkbox\" value=\"traumatologia_dental\" id=\"form-field-field_289046f-1\" name=\"form_fields[field_289046f][]\"> <label for=\"form-field-field_289046f-1\">Dental Traumatology<\/label><\/span><\/div>\t\t\t\t<\/div>\n\t\t\t\t\t\t\t\t<div class=\"elementor-field-type-textarea elementor-field-group elementor-column elementor-field-group-message elementor-col-100 elementor-field-required\">\n\t\t\t\t\t\t\t\t\t\t\t\t<label for=\"form-field-message\" class=\"elementor-field-label\">\n\t\t\t\t\t\t\t\tWrite your query here\t\t\t\t\t\t\t<\/label>\n\t\t\t\t\t\t<textarea class=\"elementor-field-textual elementor-field  elementor-size-sm\" name=\"form_fields[message]\" id=\"form-field-message\" rows=\"4\" placeholder=\"If you have any specific questions, you can ask us here\" required=\"required\"><\/textarea>\t\t\t\t<\/div>\n\t\t\t\t\t\t\t\t<div class=\"elementor-field-type-acceptance elementor-field-group elementor-column elementor-field-group-field_450fc28 elementor-col-100\">\n\t\t\t\t\t\t\t<div class=\"elementor-field-subgroup\">\n\t\t\t<span class=\"elementor-field-option\">\n\t\t\t\t<input type=\"checkbox\" name=\"form_fields[field_450fc28]\" id=\"form-field-field_450fc28\" class=\"elementor-field elementor-size-sm  elementor-acceptance-field\">\n\t\t\t\t<label for=\"form-field-field_450fc28\"><span>I have read and I accept <a href=\"https:\/\/clinicaendo.com\/en\/privacy-policy\/\" target=\"_blank\">privacy policy.<\/a><\/span><\/label>\t\t\t<\/span>\n\t\t<\/div>\n\t\t\t\t\t\t<\/div>\n\t\t\t\t\t\t\t\t<div class=\"elementor-field-group elementor-column elementor-field-type-submit elementor-col-100 e-form__buttons\">\n\t\t\t\t\t<button class=\"elementor-button elementor-size-md\" type=\"submit\">\n\t\t\t\t\t\t<span class=\"elementor-button-content-wrapper\">\n\t\t\t\t\t\t\t\t\t\t\t\t\t\t\t\t\t\t\t\t\t\t<span class=\"elementor-button-text\">Send<\/span>\n\t\t\t\t\t\t\t\t\t\t\t\t\t<\/span>\n\t\t\t\t\t<\/button>\n\t\t\t\t<\/div>\n\t\t\t<\/div>\n\t\t<\/form>\n\t\t\t\t\t\t<\/div>\n\t\t\t\t<\/div>\n\t\t\t\t\t<\/div>\n\t\t<\/div>\n\t\t\t\t\t<\/div>\n\t\t<\/section>\n\t\t\t\t\t<\/div>\n\t\t<\/div>\n\t\t\t\t\t<\/div>\n\t\t<\/section>\n\t\t\t\t<section class=\"elementor-section elementor-top-section elementor-element elementor-element-3dff11f8 elementor-section-full_width elementor-section-height-default elementor-section-height-default\" data-id=\"3dff11f8\" data-element_type=\"section\" data-e-type=\"section\" data-settings=\"{&quot;background_background&quot;:&quot;classic&quot;}\">\n\t\t\t\t\t\t<div class=\"elementor-container elementor-column-gap-no\">\n\t\t\t\t\t<div class=\"elementor-column elementor-col-100 elementor-top-column elementor-element elementor-element-2627db8c\" data-id=\"2627db8c\" data-element_type=\"column\" data-e-type=\"column\">\n\t\t\t<div class=\"elementor-widget-wrap elementor-element-populated\">\n\t\t\t\t\t\t<div class=\"elementor-element elementor-element-755b174f elementor-widget elementor-widget-google_maps\" data-id=\"755b174f\" data-element_type=\"widget\" data-e-type=\"widget\" data-widget_type=\"google_maps.default\">\n\t\t\t\t<div class=\"elementor-widget-container\">\n\t\t\t\t\t\t\t<div class=\"elementor-custom-embed\">\n\t\t\t<iframe loading=\"lazy\"\n\t\t\t\t\tsrc=\"https:\/\/maps.google.com\/maps?q=paseo%20de%20la%20habana%20184%2C%20madrid&#038;t=m&#038;z=18&#038;output=embed&#038;iwloc=near\"\n\t\t\t\t\ttitle=\"paseo de la habana 184, madrid\"\n\t\t\t\t\taria-label=\"paseo de la habana 184, madrid\"\n\t\t\t><\/iframe>\n\t\t<\/div>\n\t\t\t\t\t\t<\/div>\n\t\t\t\t<\/div>\n\t\t\t\t\t<\/div>\n\t\t<\/div>\n\t\t\t\t\t<\/div>\n\t\t<\/section>\n\t\t\t\t<\/div>\n\t\t","protected":false},"excerpt":{"rendered":"<p>CL\u00cdNICA ENDO MADRID Contact us Paseo de la Habana, 184 &#8211; 28036 &#8211; Madrid 91 345 68 58 623 197 355 clinicaendoytraumatologia@outlook.es<\/p>\n","protected":false},"author":1,"featured_media":0,"parent":0,"menu_order":0,"comment_status":"closed","ping_status":"closed","template":"elementor_header_footer","meta":{"footnotes":""},"class_list":["post-2661","page","type-page","status-publish"],"yoast_head":"<!-- This site is optimized with the Yoast SEO plugin v27.4 - https:\/\/yoast.com\/product\/yoast-seo-wordpress\/ -->\n<title>Contact - Cl\u00ednica Endo<\/title>\n<meta name=\"description\" content=\"Endo Clinic is located at Paseo de la Habana, 184, Madrid. Contact us: +34 91 345 68 58 | +34 630 63 11 58\" \/>\n<meta name=\"robots\" content=\"index, follow, max-snippet:-1, max-image-preview:large, max-video-preview:-1\" \/>\n<link rel=\"canonical\" href=\"https:\/\/clinicaendo.com\/en\/contact\/\" \/>\n<meta property=\"og:locale\" content=\"en_US\" \/>\n<meta property=\"og:type\" content=\"article\" \/>\n<meta property=\"og:title\" content=\"Contact - Cl\u00ednica Endo\" \/>\n<meta property=\"og:description\" content=\"Endo Clinic is located at Paseo de la Habana, 184, Madrid. Contact us: +34 91 345 68 58 | +34 630 63 11 58\" \/>\n<meta property=\"og:url\" content=\"https:\/\/clinicaendo.com\/en\/contact\/\" \/>\n<meta property=\"og:site_name\" content=\"Cl\u00ednica Endo\" \/>\n<meta property=\"article:modified_time\" content=\"2021-10-04T11:29:46+00:00\" \/>\n<meta property=\"og:image\" content=\"https:\/\/clinicaendo.com\/wp-content\/uploads\/para-profesionales-1024x683.jpg\" \/>\n<meta name=\"twitter:card\" content=\"summary_large_image\" \/>\n<meta name=\"twitter:label1\" content=\"Est. reading time\" \/>\n\t<meta name=\"twitter:data1\" content=\"1 minute\" \/>\n<script type=\"application\/ld+json\" class=\"yoast-schema-graph\">{\"@context\":\"https:\\\/\\\/schema.org\",\"@graph\":[{\"@type\":\"WebPage\",\"@id\":\"https:\\\/\\\/clinicaendo.com\\\/en\\\/contact\\\/\",\"url\":\"https:\\\/\\\/clinicaendo.com\\\/en\\\/contact\\\/\",\"name\":\"Contact - Cl\u00ednica Endo\",\"isPartOf\":{\"@id\":\"https:\\\/\\\/clinicaendo.com\\\/en\\\/#website\"},\"primaryImageOfPage\":{\"@id\":\"https:\\\/\\\/clinicaendo.com\\\/en\\\/contact\\\/#primaryimage\"},\"image\":{\"@id\":\"https:\\\/\\\/clinicaendo.com\\\/en\\\/contact\\\/#primaryimage\"},\"thumbnailUrl\":\"https:\\\/\\\/clinicaendo.com\\\/wp-content\\\/uploads\\\/para-profesionales-1024x683.jpg\",\"datePublished\":\"2021-06-10T11:50:40+00:00\",\"dateModified\":\"2021-10-04T11:29:46+00:00\",\"description\":\"Endo Clinic is located at Paseo de la Habana, 184, Madrid. Contact us: +34 91 345 68 58 | +34 630 63 11 58\",\"breadcrumb\":{\"@id\":\"https:\\\/\\\/clinicaendo.com\\\/en\\\/contact\\\/#breadcrumb\"},\"inLanguage\":\"en-US\",\"potentialAction\":[{\"@type\":\"ReadAction\",\"target\":[\"https:\\\/\\\/clinicaendo.com\\\/en\\\/contact\\\/\"]}]},{\"@type\":\"ImageObject\",\"inLanguage\":\"en-US\",\"@id\":\"https:\\\/\\\/clinicaendo.com\\\/en\\\/contact\\\/#primaryimage\",\"url\":\"https:\\\/\\\/clinicaendo.com\\\/wp-content\\\/uploads\\\/para-profesionales-1024x683.jpg\",\"contentUrl\":\"https:\\\/\\\/clinicaendo.com\\\/wp-content\\\/uploads\\\/para-profesionales-1024x683.jpg\"},{\"@type\":\"BreadcrumbList\",\"@id\":\"https:\\\/\\\/clinicaendo.com\\\/en\\\/contact\\\/#breadcrumb\",\"itemListElement\":[{\"@type\":\"ListItem\",\"position\":1,\"name\":\"Portada\",\"item\":\"https:\\\/\\\/clinicaendo.com\\\/en\\\/\"},{\"@type\":\"ListItem\",\"position\":2,\"name\":\"Contact\"}]},{\"@type\":\"WebSite\",\"@id\":\"https:\\\/\\\/clinicaendo.com\\\/en\\\/#website\",\"url\":\"https:\\\/\\\/clinicaendo.com\\\/en\\\/\",\"name\":\"Cl\u00ednica Endo\",\"description\":\"Centro odontol\u00f3gico con dedicaci\u00f3n exclusiva a la Endodoncia Microsc\u00f3pica y Traumatolog\u00eda Dental.\",\"publisher\":{\"@id\":\"https:\\\/\\\/clinicaendo.com\\\/en\\\/#organization\"},\"potentialAction\":[{\"@type\":\"SearchAction\",\"target\":{\"@type\":\"EntryPoint\",\"urlTemplate\":\"https:\\\/\\\/clinicaendo.com\\\/en\\\/?s={search_term_string}\"},\"query-input\":{\"@type\":\"PropertyValueSpecification\",\"valueRequired\":true,\"valueName\":\"search_term_string\"}}],\"inLanguage\":\"en-US\"},{\"@type\":\"Organization\",\"@id\":\"https:\\\/\\\/clinicaendo.com\\\/en\\\/#organization\",\"name\":\"Cl\u00ednica Endo\",\"url\":\"https:\\\/\\\/clinicaendo.com\\\/en\\\/\",\"logo\":{\"@type\":\"ImageObject\",\"inLanguage\":\"en-US\",\"@id\":\"https:\\\/\\\/clinicaendo.com\\\/en\\\/#\\\/schema\\\/logo\\\/image\\\/\",\"url\":\"https:\\\/\\\/clinicaendo.com\\\/wp-content\\\/uploads\\\/logotipo-horizontal-clinica-endo.png\",\"contentUrl\":\"https:\\\/\\\/clinicaendo.com\\\/wp-content\\\/uploads\\\/logotipo-horizontal-clinica-endo.png\",\"width\":398,\"height\":119,\"caption\":\"Cl\u00ednica Endo\"},\"image\":{\"@id\":\"https:\\\/\\\/clinicaendo.com\\\/en\\\/#\\\/schema\\\/logo\\\/image\\\/\"}}]}<\/script>\n<!-- \/ Yoast SEO plugin. -->","yoast_head_json":{"title":"Contact - Cl\u00ednica Endo","description":"Endo Clinic is located at Paseo de la Habana, 184, Madrid. Contact us: +34 91 345 68 58 | +34 630 63 11 58","robots":{"index":"index","follow":"follow","max-snippet":"max-snippet:-1","max-image-preview":"max-image-preview:large","max-video-preview":"max-video-preview:-1"},"canonical":"https:\/\/clinicaendo.com\/en\/contact\/","og_locale":"en_US","og_type":"article","og_title":"Contact - Cl\u00ednica Endo","og_description":"Endo Clinic is located at Paseo de la Habana, 184, Madrid. Contact us: +34 91 345 68 58 | +34 630 63 11 58","og_url":"https:\/\/clinicaendo.com\/en\/contact\/","og_site_name":"Cl\u00ednica Endo","article_modified_time":"2021-10-04T11:29:46+00:00","og_image":[{"url":"https:\/\/clinicaendo.com\/wp-content\/uploads\/para-profesionales-1024x683.jpg","type":"","width":"","height":""}],"twitter_card":"summary_large_image","twitter_misc":{"Est. reading time":"1 minute"},"schema":{"@context":"https:\/\/schema.org","@graph":[{"@type":"WebPage","@id":"https:\/\/clinicaendo.com\/en\/contact\/","url":"https:\/\/clinicaendo.com\/en\/contact\/","name":"Contact - Cl\u00ednica Endo","isPartOf":{"@id":"https:\/\/clinicaendo.com\/en\/#website"},"primaryImageOfPage":{"@id":"https:\/\/clinicaendo.com\/en\/contact\/#primaryimage"},"image":{"@id":"https:\/\/clinicaendo.com\/en\/contact\/#primaryimage"},"thumbnailUrl":"https:\/\/clinicaendo.com\/wp-content\/uploads\/para-profesionales-1024x683.jpg","datePublished":"2021-06-10T11:50:40+00:00","dateModified":"2021-10-04T11:29:46+00:00","description":"Endo Clinic is located at Paseo de la Habana, 184, Madrid. Contact us: +34 91 345 68 58 | +34 630 63 11 58","breadcrumb":{"@id":"https:\/\/clinicaendo.com\/en\/contact\/#breadcrumb"},"inLanguage":"en-US","potentialAction":[{"@type":"ReadAction","target":["https:\/\/clinicaendo.com\/en\/contact\/"]}]},{"@type":"ImageObject","inLanguage":"en-US","@id":"https:\/\/clinicaendo.com\/en\/contact\/#primaryimage","url":"https:\/\/clinicaendo.com\/wp-content\/uploads\/para-profesionales-1024x683.jpg","contentUrl":"https:\/\/clinicaendo.com\/wp-content\/uploads\/para-profesionales-1024x683.jpg"},{"@type":"BreadcrumbList","@id":"https:\/\/clinicaendo.com\/en\/contact\/#breadcrumb","itemListElement":[{"@type":"ListItem","position":1,"name":"Portada","item":"https:\/\/clinicaendo.com\/en\/"},{"@type":"ListItem","position":2,"name":"Contact"}]},{"@type":"WebSite","@id":"https:\/\/clinicaendo.com\/en\/#website","url":"https:\/\/clinicaendo.com\/en\/","name":"Cl\u00ednica Endo","description":"Centro odontol\u00f3gico con dedicaci\u00f3n exclusiva a la Endodoncia Microsc\u00f3pica y Traumatolog\u00eda Dental.","publisher":{"@id":"https:\/\/clinicaendo.com\/en\/#organization"},"potentialAction":[{"@type":"SearchAction","target":{"@type":"EntryPoint","urlTemplate":"https:\/\/clinicaendo.com\/en\/?s={search_term_string}"},"query-input":{"@type":"PropertyValueSpecification","valueRequired":true,"valueName":"search_term_string"}}],"inLanguage":"en-US"},{"@type":"Organization","@id":"https:\/\/clinicaendo.com\/en\/#organization","name":"Cl\u00ednica Endo","url":"https:\/\/clinicaendo.com\/en\/","logo":{"@type":"ImageObject","inLanguage":"en-US","@id":"https:\/\/clinicaendo.com\/en\/#\/schema\/logo\/image\/","url":"https:\/\/clinicaendo.com\/wp-content\/uploads\/logotipo-horizontal-clinica-endo.png","contentUrl":"https:\/\/clinicaendo.com\/wp-content\/uploads\/logotipo-horizontal-clinica-endo.png","width":398,"height":119,"caption":"Cl\u00ednica Endo"},"image":{"@id":"https:\/\/clinicaendo.com\/en\/#\/schema\/logo\/image\/"}}]}},"_links":{"self":[{"href":"https:\/\/clinicaendo.com\/en\/wp-json\/wp\/v2\/pages\/2661","targetHints":{"allow":["GET"]}}],"collection":[{"href":"https:\/\/clinicaendo.com\/en\/wp-json\/wp\/v2\/pages"}],"about":[{"href":"https:\/\/clinicaendo.com\/en\/wp-json\/wp\/v2\/types\/page"}],"author":[{"embeddable":true,"href":"https:\/\/clinicaendo.com\/en\/wp-json\/wp\/v2\/users\/1"}],"replies":[{"embeddable":true,"href":"https:\/\/clinicaendo.com\/en\/wp-json\/wp\/v2\/comments?post=2661"}],"version-history":[{"count":16,"href":"https:\/\/clinicaendo.com\/en\/wp-json\/wp\/v2\/pages\/2661\/revisions"}],"predecessor-version":[{"id":2997,"href":"https:\/\/clinicaendo.com\/en\/wp-json\/wp\/v2\/pages\/2661\/revisions\/2997"}],"wp:attachment":[{"href":"https:\/\/clinicaendo.com\/en\/wp-json\/wp\/v2\/media?parent=2661"}],"curies":[{"name":"wp","href":"https:\/\/api.w.org\/{rel}","templated":true}]}}