{"id":2685,"date":"2021-06-10T12:37:15","date_gmt":"2021-06-10T12:37:15","guid":{"rendered":"https:\/\/clinicaendo.com\/legal-information\/"},"modified":"2021-08-05T11:30:59","modified_gmt":"2021-08-05T11:30:59","slug":"legal-information","status":"publish","type":"page","link":"https:\/\/clinicaendo.com\/en\/legal-information\/","title":{"rendered":"Legal information"},"content":{"rendered":"\t\t<div data-elementor-type=\"wp-page\" data-elementor-id=\"2685\" class=\"elementor elementor-2685 elementor-2124\" data-elementor-post-type=\"page\">\n\t\t\t\t\t\t<section class=\"elementor-section elementor-top-section elementor-element elementor-element-694656a elementor-section-full_width elementor-section-content-middle elementor-section-height-default elementor-section-height-default\" data-id=\"694656a\" data-element_type=\"section\" data-e-type=\"section\" data-settings=\"{&quot;background_background&quot;:&quot;classic&quot;}\">\n\t\t\t\t\t\t\t<div class=\"elementor-background-overlay\"><\/div>\n\t\t\t\t\t\t\t<div class=\"elementor-container elementor-column-gap-default\">\n\t\t\t\t\t<div class=\"elementor-column elementor-col-100 elementor-top-column elementor-element elementor-element-aaeaf52\" data-id=\"aaeaf52\" data-element_type=\"column\" data-e-type=\"column\">\n\t\t\t<div class=\"elementor-widget-wrap elementor-element-populated\">\n\t\t\t\t\t\t<div class=\"elementor-element elementor-element-5640035 elementor-widget elementor-widget-heading\" data-id=\"5640035\" data-element_type=\"widget\" data-e-type=\"widget\" data-widget_type=\"heading.default\">\n\t\t\t\t<div class=\"elementor-widget-container\">\n\t\t\t\t\t<h3 class=\"elementor-heading-title elementor-size-default\">CL\u00cdNICA <b>ENDO<\/b> MADRID<\/h3>\t\t\t\t<\/div>\n\t\t\t\t<\/div>\n\t\t\t\t<div class=\"elementor-element elementor-element-055c73f elementor-widget elementor-widget-heading\" data-id=\"055c73f\" data-element_type=\"widget\" data-e-type=\"widget\" data-widget_type=\"heading.default\">\n\t\t\t\t<div class=\"elementor-widget-container\">\n\t\t\t\t\t<h1 class=\"elementor-heading-title elementor-size-default\">Legal information<\/h1>\t\t\t\t<\/div>\n\t\t\t\t<\/div>\n\t\t\t\t\t<\/div>\n\t\t<\/div>\n\t\t\t\t\t<\/div>\n\t\t<\/section>\n\t\t\t\t<section class=\"elementor-section elementor-top-section elementor-element elementor-element-462d0dcf elementor-section-boxed elementor-section-height-default elementor-section-height-default\" data-id=\"462d0dcf\" data-element_type=\"section\" data-e-type=\"section\">\n\t\t\t\t\t\t<div class=\"elementor-container elementor-column-gap-default\">\n\t\t\t\t\t<div class=\"elementor-column elementor-col-100 elementor-top-column elementor-element elementor-element-7bac4734\" data-id=\"7bac4734\" data-element_type=\"column\" data-e-type=\"column\">\n\t\t\t<div class=\"elementor-widget-wrap elementor-element-populated\">\n\t\t\t\t\t\t<div class=\"elementor-element elementor-element-7c64b00f elementor-widget elementor-widget-text-editor\" data-id=\"7c64b00f\" data-element_type=\"widget\" data-e-type=\"widget\" data-widget_type=\"text-editor.default\">\n\t\t\t\t<div class=\"elementor-widget-container\">\n\t\t\t\t\t\t\t\t\t<div id=\"page\" class=\"site grid-container container hfeed grid-parent\"><div id=\"content\" class=\"site-content\"><div id=\"primary\" class=\"content-area grid-parent mobile-grid-100 grid-100 tablet-grid-100\"><p>\u00a0<\/p><article id=\"post-2169\" class=\"post-2169 page type-page status-publish\"><div class=\"inside-article\"><div class=\"entry-content\"><div class=\"elementor elementor-2169\" data-elementor-type=\"wp-post\" data-elementor-id=\"2169\" data-elementor-settings=\"[]\"><div class=\"elementor-inner\"><div class=\"elementor-section-wrap\"><section class=\"elementor-section elementor-top-section elementor-element elementor-element-bc4034b elementor-section-boxed elementor-section-height-default elementor-section-height-default\" data-id=\"bc4034b\" data-element_type=\"section\"><div class=\"elementor-container elementor-column-gap-default\"><div class=\"elementor-row\"><div class=\"elementor-column elementor-col-100 elementor-top-column elementor-element elementor-element-9bcff43\" data-id=\"9bcff43\" data-element_type=\"column\"><div class=\"elementor-column-wrap elementor-element-populated\"><div class=\"elementor-widget-wrap\"><div class=\"elementor-element elementor-element-1a4b827 elementor-widget elementor-widget-text-editor\" data-id=\"1a4b827\" data-element_type=\"widget\" data-widget_type=\"text-editor.default\"><div class=\"elementor-widget-container\"><div class=\"elementor-text-editor elementor-clearfix\"><div class=\"elementor-element elementor-element-1a4b827 elementor-widget elementor-widget-text-editor\" data-id=\"1a4b827\" data-element_type=\"widget\" data-widget_type=\"text-editor.default\"><div class=\"elementor-widget-container\"><div class=\"elementor-text-editor elementor-clearfix\"><p>En el presente Aviso Legal, el Usuario de esta p\u00e1gina web, podr\u00e1 encontrar toda la informaci\u00f3n relativa a las condiciones legales en <span style=\"color: #ff0000;\"><span style=\"color: #000000;\"><strong>clinicaendo.es<\/strong><\/span>\u00a0<\/span><strong>\u00a0<\/strong>(en adelante, el Sitio Web), que <span style=\"color: #333333;\"><strong>Cl\u00ednica Endo y Traumatolog\u00eda SLP<\/strong><\/span> pone a disposici\u00f3n de los usuarios de Internet.<\/p><p>Su utilizaci\u00f3n, implica la aceptaci\u00f3n de los puntos incluidos en este Aviso Legal, que podr\u00eda sufrir modificaciones.<\/p><p><strong>1.- DATOS DEL RESPONSABLE\u00a0 DEL SITIO WEB<\/strong><\/p><p><u>Nombre del titular<\/u>:<span style=\"color: #000000;\"> Cl\u00ednica Endo y Traumatolog\u00eda SLP<\/span><\/p><p><u>Domicilio social<\/u>: <span style=\"color: #000000;\">Paseo de la Habana 184, Bajo. 28036, Marid.<\/span><\/p><p><u>C.I.F.<\/u>:<span style=\"color: #000000;\"> B02902575<\/span><\/p><p><u>Tel\u00e9fono de contacto<\/u>: +34 <span style=\"color: #000000;\">91 345 68 58<\/span><\/p><p><u>Correo electr\u00f3nico<\/u>: <span style=\"color: #000000;\"><a class=\"\" style=\"color: #000000;\" href=\"mailto:clinicaendoytraumatologia@outlook.es\">clinicaendoytraumatologia@outlook.es<\/a><\/span><\/p><p><strong>Cl\u00ednica Endo y Traumatolog\u00eda<\/strong>\u00a0se compromete a cumplir con todos los requisitos nacionales y europeos que regulan el uso de los datos personales de los usuarios, garantizando la correcta protecci\u00f3n de los mismos:<\/p><p>Reglamento General de Protecci\u00f3n de Datos de Car\u00e1cter Personal (UE) 2016\/679 del Parlamento Europeo y del Consejo, de 27 de abril de 2016, en la Ley Org\u00e1nica 3\/2018, de Protecci\u00f3n de Datos Personales y garant\u00eda de los derechos digitales, Ley de Servicios de la Sociedad de la Informaci\u00f3n y Comercio Electr\u00f3nico 34\/2002 de 11 de Julio (LSSI-CE).<\/p><p><strong>2.- OBJETO<\/strong><\/p><p>El Sitio Web facilita a los usuarios el acceso a informaci\u00f3n y servicios prestados.<\/p><p>La prestaci\u00f3n del servicio del Sitio Web tiene una duraci\u00f3n limitada al momento en el que el Usuario se encuentre conectado al Sitio Web o a alguno de los servicios que a trav\u00e9s del mismo se facilitan.<\/p><p><strong>3.-\u00a0 UTILIZACI\u00d3N DE LA WEB<\/strong><\/p><p>El acceso a la web tiene car\u00e1cter gratuito para los usuarios de la misma, salvo en lo relativo al coste de la conexi\u00f3n a trav\u00e9s de la red de telecomunicaciones suministrada por el proveedor de acceso contratado por los usuarios.<\/p><p>El usuario acepta proporcionar informaci\u00f3n completa y correcta en el formulario de contacto o suscripci\u00f3n.<\/p><p>En el caso de los menores de trece a\u00f1os se requiere el consentimiento de los padres o tutores para el tratamiento de sus datos personales.<\/p><p><strong>4.- CONTENIDOS DE LA WEB<\/strong><\/p><p>El idioma utilizado por el titular en la web ser\u00e1 el castellano.<\/p><p><span style=\"color: #ff0000;\"><span style=\"color: #333333;\"><strong>clinicaendo.es<\/strong><\/span>\u00a0<\/span>no puede asumir ninguna responsabilidad derivada del uso incorrecto, inapropiado o il\u00edcito de la informaci\u00f3n aparecida en las p\u00e1ginas de Internet de <span style=\"color: #333333;\"><strong>clinicaendo.es<\/strong><\/span>\u00a0 Con los l\u00edmites establecidos en la ley, <span style=\"color: #333333;\"><strong>clinicaendo.es <\/strong><\/span>no asume ninguna responsabilidad derivada de la falta de veracidad, integridad, actualizaci\u00f3n y precisi\u00f3n de los datos o informaciones que se contienen en sus p\u00e1ginas de Internet.<\/p><p>Los contenidos e informaci\u00f3n de las p\u00e1ginas de Internet de <span style=\"color: #333333;\"><b>clinicaendo.es<\/b>\u00a0<\/span>se obtienen de diversas fuentes. Sin embargo, los contenidos e informaci\u00f3n no vinculan a <span style=\"color: #ff0000;\"><span style=\"color: #333333;\"><strong><b>clinicaendo.es<\/b><\/strong><\/span>\u00a0<\/span>ni constituyen opiniones, consejos o asesoramientos legales de ning\u00fan tipo pues se trata meramente de un servicio ofrecido con car\u00e1cter informativo.<\/p><p>Las p\u00e1ginas de Internet de <span style=\"color: #333333;\"><strong>clinicaendo.es <\/strong><\/span>pueden contener enlaces (links) a otras p\u00e1ginas de terceras partes que <span style=\"color: #333333;\"><b>clinicaendo.es<\/b><\/span><span style=\"color: #ff0000;\">\u00a0<\/span>no puede controlar. Por lo tanto, <span style=\"color: #333333;\"><b>clinicaendo.es<\/b><strong>\u00a0<\/strong><\/span>no puede asumir responsabilidades por el contenido que pueda aparecer en p\u00e1ginas de terceros.<\/p><p>Todos los textos son propiedad de sus autores y est\u00e1n protegidos por la Ley de Propiedad Intelectual. Cualquier acto de transmisi\u00f3n, distribuci\u00f3n, cesi\u00f3n, reproducci\u00f3n, almacenamiento o comunicaci\u00f3n p\u00fablica total o parcial, debe contar con el consentimiento expreso de <b><span style=\"color: #333333;\">clinicaendo.es<\/span>. <\/b>Todas las marcas son propiedad de sus respectivos propietarios.<\/p><p><strong>5.- MEDIDAS DE SEGURIDAD<\/strong><\/p><p>Los datos personales comunicados por el usuario podr\u00e1n ser almacenados en bases de datos automatizadas o no, garantizando la confidencialidad de acuerdo con lo establecido en las normativas vigentes en materia de protecci\u00f3n de datos.<\/p><p><strong>6.- EMPLEO DE LA TECNOLOG\u00cdA \u201cCOOKIE\u201d<\/strong><\/p><p>El Sitio Web puede emplear cookies o tecnolog\u00edas similares que se regir\u00e1n por lo establecido en la\u00a0<a href=\"https:\/\/clinicaendo.com\/politica-de-cookies\/\"><u>Pol\u00edtica de Cookies.<\/u><\/a><\/p><p><strong>7.- LEGISLACI\u00d3N APLICABLE Y JURISDICCI\u00d3N COMPETENTE<\/strong><\/p><p>El presente Aviso Legal se interpretar\u00e1 y regir\u00e1 de conformidad con la legislaci\u00f3n espa\u00f1ola. En el caso de que el usuario tenga su domicilio fuera de Espa\u00f1a, el responsable y el usuario, se someten, con renuncia expresa a cualquier otro fuero, a los juzgados y tribunales de la ciudad de Madrid.<\/p><\/div><\/div><\/div><\/div><\/div><\/div><\/div><\/div><\/div><\/div><\/div><\/section><\/div><\/div><\/div><\/div><\/div><\/article><p>\u00a0<\/p><\/div><\/div><\/div>\t\t\t\t\t\t\t\t<\/div>\n\t\t\t\t<\/div>\n\t\t\t\t\t<\/div>\n\t\t<\/div>\n\t\t\t\t\t<\/div>\n\t\t<\/section>\n\t\t\t\t<\/div>\n\t\t","protected":false},"excerpt":{"rendered":"<p>CL\u00cdNICA ENDO MADRID Legal information \u00a0 En el presente Aviso Legal, el Usuario de esta p\u00e1gina web, podr\u00e1 encontrar toda la informaci\u00f3n relativa a las condiciones legales en clinicaendo.es\u00a0\u00a0(en adelante, el Sitio Web), que Cl\u00ednica Endo y Traumatolog\u00eda SLP pone a disposici\u00f3n de los usuarios de Internet. Su utilizaci\u00f3n, implica la aceptaci\u00f3n de los puntos &#8230; <a title=\"Legal information\" class=\"read-more\" href=\"https:\/\/clinicaendo.com\/en\/legal-information\/\" aria-label=\"Read more about Legal information\">Read more<\/a><\/p>\n","protected":false},"author":1,"featured_media":0,"parent":0,"menu_order":0,"comment_status":"closed","ping_status":"closed","template":"","meta":{"footnotes":""},"class_list":["post-2685","page","type-page","status-publish"],"yoast_head":"<!-- This site is optimized with the Yoast SEO plugin v27.4 - https:\/\/yoast.com\/product\/yoast-seo-wordpress\/ -->\n<title>Legal information - Cl\u00ednica Endo<\/title>\n<meta name=\"robots\" content=\"noindex, nofollow\" \/>\n<meta property=\"og:locale\" content=\"en_US\" \/>\n<meta property=\"og:type\" content=\"article\" \/>\n<meta property=\"og:title\" content=\"Legal information - Cl\u00ednica Endo\" \/>\n<meta property=\"og:description\" content=\"CL\u00cdNICA ENDO MADRID Legal information \u00a0 En el presente Aviso Legal, el Usuario de esta p\u00e1gina web, podr\u00e1 encontrar toda la informaci\u00f3n relativa a las condiciones legales en clinicaendo.es\u00a0\u00a0(en adelante, el Sitio Web), que Cl\u00ednica Endo y Traumatolog\u00eda SLP pone a disposici\u00f3n de los usuarios de Internet. Su utilizaci\u00f3n, implica la aceptaci\u00f3n de los puntos ... Read more\" \/>\n<meta property=\"og:url\" content=\"https:\/\/clinicaendo.com\/en\/legal-information\/\" \/>\n<meta property=\"og:site_name\" content=\"Cl\u00ednica Endo\" \/>\n<meta property=\"article:modified_time\" content=\"2021-08-05T11:30:59+00:00\" \/>\n<meta name=\"twitter:card\" content=\"summary_large_image\" \/>\n<meta name=\"twitter:label1\" content=\"Est. reading time\" \/>\n\t<meta name=\"twitter:data1\" content=\"9 minutes\" \/>\n<script type=\"application\/ld+json\" class=\"yoast-schema-graph\">{\"@context\":\"https:\\\/\\\/schema.org\",\"@graph\":[{\"@type\":\"WebPage\",\"@id\":\"https:\\\/\\\/clinicaendo.com\\\/en\\\/legal-information\\\/\",\"url\":\"https:\\\/\\\/clinicaendo.com\\\/en\\\/legal-information\\\/\",\"name\":\"Legal information - Cl\u00ednica Endo\",\"isPartOf\":{\"@id\":\"https:\\\/\\\/clinicaendo.com\\\/en\\\/#website\"},\"datePublished\":\"2021-06-10T12:37:15+00:00\",\"dateModified\":\"2021-08-05T11:30:59+00:00\",\"breadcrumb\":{\"@id\":\"https:\\\/\\\/clinicaendo.com\\\/en\\\/legal-information\\\/#breadcrumb\"},\"inLanguage\":\"en-US\",\"potentialAction\":[{\"@type\":\"ReadAction\",\"target\":[\"https:\\\/\\\/clinicaendo.com\\\/en\\\/legal-information\\\/\"]}]},{\"@type\":\"BreadcrumbList\",\"@id\":\"https:\\\/\\\/clinicaendo.com\\\/en\\\/legal-information\\\/#breadcrumb\",\"itemListElement\":[{\"@type\":\"ListItem\",\"position\":1,\"name\":\"Portada\",\"item\":\"https:\\\/\\\/clinicaendo.com\\\/en\\\/\"},{\"@type\":\"ListItem\",\"position\":2,\"name\":\"Legal information\"}]},{\"@type\":\"WebSite\",\"@id\":\"https:\\\/\\\/clinicaendo.com\\\/en\\\/#website\",\"url\":\"https:\\\/\\\/clinicaendo.com\\\/en\\\/\",\"name\":\"Cl\u00ednica Endo\",\"description\":\"Centro odontol\u00f3gico con dedicaci\u00f3n exclusiva a la Endodoncia Microsc\u00f3pica y Traumatolog\u00eda Dental.\",\"publisher\":{\"@id\":\"https:\\\/\\\/clinicaendo.com\\\/en\\\/#organization\"},\"potentialAction\":[{\"@type\":\"SearchAction\",\"target\":{\"@type\":\"EntryPoint\",\"urlTemplate\":\"https:\\\/\\\/clinicaendo.com\\\/en\\\/?s={search_term_string}\"},\"query-input\":{\"@type\":\"PropertyValueSpecification\",\"valueRequired\":true,\"valueName\":\"search_term_string\"}}],\"inLanguage\":\"en-US\"},{\"@type\":\"Organization\",\"@id\":\"https:\\\/\\\/clinicaendo.com\\\/en\\\/#organization\",\"name\":\"Cl\u00ednica Endo\",\"url\":\"https:\\\/\\\/clinicaendo.com\\\/en\\\/\",\"logo\":{\"@type\":\"ImageObject\",\"inLanguage\":\"en-US\",\"@id\":\"https:\\\/\\\/clinicaendo.com\\\/en\\\/#\\\/schema\\\/logo\\\/image\\\/\",\"url\":\"https:\\\/\\\/clinicaendo.com\\\/wp-content\\\/uploads\\\/logotipo-horizontal-clinica-endo.png\",\"contentUrl\":\"https:\\\/\\\/clinicaendo.com\\\/wp-content\\\/uploads\\\/logotipo-horizontal-clinica-endo.png\",\"width\":398,\"height\":119,\"caption\":\"Cl\u00ednica Endo\"},\"image\":{\"@id\":\"https:\\\/\\\/clinicaendo.com\\\/en\\\/#\\\/schema\\\/logo\\\/image\\\/\"}}]}<\/script>\n<!-- \/ Yoast SEO plugin. -->","yoast_head_json":{"title":"Legal information - Cl\u00ednica Endo","robots":{"index":"noindex","follow":"nofollow"},"og_locale":"en_US","og_type":"article","og_title":"Legal information - Cl\u00ednica Endo","og_description":"CL\u00cdNICA ENDO MADRID Legal information \u00a0 En el presente Aviso Legal, el Usuario de esta p\u00e1gina web, podr\u00e1 encontrar toda la informaci\u00f3n relativa a las condiciones legales en clinicaendo.es\u00a0\u00a0(en adelante, el Sitio Web), que Cl\u00ednica Endo y Traumatolog\u00eda SLP pone a disposici\u00f3n de los usuarios de Internet. Su utilizaci\u00f3n, implica la aceptaci\u00f3n de los puntos ... Read more","og_url":"https:\/\/clinicaendo.com\/en\/legal-information\/","og_site_name":"Cl\u00ednica Endo","article_modified_time":"2021-08-05T11:30:59+00:00","twitter_card":"summary_large_image","twitter_misc":{"Est. reading time":"9 minutes"},"schema":{"@context":"https:\/\/schema.org","@graph":[{"@type":"WebPage","@id":"https:\/\/clinicaendo.com\/en\/legal-information\/","url":"https:\/\/clinicaendo.com\/en\/legal-information\/","name":"Legal information - Cl\u00ednica Endo","isPartOf":{"@id":"https:\/\/clinicaendo.com\/en\/#website"},"datePublished":"2021-06-10T12:37:15+00:00","dateModified":"2021-08-05T11:30:59+00:00","breadcrumb":{"@id":"https:\/\/clinicaendo.com\/en\/legal-information\/#breadcrumb"},"inLanguage":"en-US","potentialAction":[{"@type":"ReadAction","target":["https:\/\/clinicaendo.com\/en\/legal-information\/"]}]},{"@type":"BreadcrumbList","@id":"https:\/\/clinicaendo.com\/en\/legal-information\/#breadcrumb","itemListElement":[{"@type":"ListItem","position":1,"name":"Portada","item":"https:\/\/clinicaendo.com\/en\/"},{"@type":"ListItem","position":2,"name":"Legal information"}]},{"@type":"WebSite","@id":"https:\/\/clinicaendo.com\/en\/#website","url":"https:\/\/clinicaendo.com\/en\/","name":"Cl\u00ednica Endo","description":"Centro odontol\u00f3gico con dedicaci\u00f3n exclusiva a la Endodoncia Microsc\u00f3pica y Traumatolog\u00eda Dental.","publisher":{"@id":"https:\/\/clinicaendo.com\/en\/#organization"},"potentialAction":[{"@type":"SearchAction","target":{"@type":"EntryPoint","urlTemplate":"https:\/\/clinicaendo.com\/en\/?s={search_term_string}"},"query-input":{"@type":"PropertyValueSpecification","valueRequired":true,"valueName":"search_term_string"}}],"inLanguage":"en-US"},{"@type":"Organization","@id":"https:\/\/clinicaendo.com\/en\/#organization","name":"Cl\u00ednica Endo","url":"https:\/\/clinicaendo.com\/en\/","logo":{"@type":"ImageObject","inLanguage":"en-US","@id":"https:\/\/clinicaendo.com\/en\/#\/schema\/logo\/image\/","url":"https:\/\/clinicaendo.com\/wp-content\/uploads\/logotipo-horizontal-clinica-endo.png","contentUrl":"https:\/\/clinicaendo.com\/wp-content\/uploads\/logotipo-horizontal-clinica-endo.png","width":398,"height":119,"caption":"Cl\u00ednica Endo"},"image":{"@id":"https:\/\/clinicaendo.com\/en\/#\/schema\/logo\/image\/"}}]}},"_links":{"self":[{"href":"https:\/\/clinicaendo.com\/en\/wp-json\/wp\/v2\/pages\/2685","targetHints":{"allow":["GET"]}}],"collection":[{"href":"https:\/\/clinicaendo.com\/en\/wp-json\/wp\/v2\/pages"}],"about":[{"href":"https:\/\/clinicaendo.com\/en\/wp-json\/wp\/v2\/types\/page"}],"author":[{"embeddable":true,"href":"https:\/\/clinicaendo.com\/en\/wp-json\/wp\/v2\/users\/1"}],"replies":[{"embeddable":true,"href":"https:\/\/clinicaendo.com\/en\/wp-json\/wp\/v2\/comments?post=2685"}],"version-history":[{"count":6,"href":"https:\/\/clinicaendo.com\/en\/wp-json\/wp\/v2\/pages\/2685\/revisions"}],"predecessor-version":[{"id":2956,"href":"https:\/\/clinicaendo.com\/en\/wp-json\/wp\/v2\/pages\/2685\/revisions\/2956"}],"wp:attachment":[{"href":"https:\/\/clinicaendo.com\/en\/wp-json\/wp\/v2\/media?parent=2685"}],"curies":[{"name":"wp","href":"https:\/\/api.w.org\/{rel}","templated":true}]}}