{"id":2750,"date":"2021-06-11T09:45:36","date_gmt":"2021-06-11T09:45:36","guid":{"rendered":"https:\/\/clinicaendo.com\/cookies-policy\/"},"modified":"2021-06-11T09:45:36","modified_gmt":"2021-06-11T09:45:36","slug":"cookies-policy","status":"publish","type":"page","link":"https:\/\/clinicaendo.com\/en\/cookies-policy\/","title":{"rendered":"Cookies Policy"},"content":{"rendered":"\t\t<div data-elementor-type=\"wp-page\" data-elementor-id=\"2750\" class=\"elementor elementor-2750 elementor-2125\" data-elementor-post-type=\"page\">\n\t\t\t\t\t\t<section class=\"elementor-section elementor-top-section elementor-element elementor-element-694656a elementor-section-full_width elementor-section-content-middle elementor-section-height-default elementor-section-height-default\" data-id=\"694656a\" data-element_type=\"section\" data-e-type=\"section\" data-settings=\"{&quot;background_background&quot;:&quot;classic&quot;}\">\n\t\t\t\t\t\t\t<div class=\"elementor-background-overlay\"><\/div>\n\t\t\t\t\t\t\t<div class=\"elementor-container elementor-column-gap-default\">\n\t\t\t\t\t<div class=\"elementor-column elementor-col-100 elementor-top-column elementor-element elementor-element-aaeaf52\" data-id=\"aaeaf52\" data-element_type=\"column\" data-e-type=\"column\">\n\t\t\t<div class=\"elementor-widget-wrap elementor-element-populated\">\n\t\t\t\t\t\t<div class=\"elementor-element elementor-element-5640035 elementor-widget elementor-widget-heading\" data-id=\"5640035\" data-element_type=\"widget\" data-e-type=\"widget\" data-widget_type=\"heading.default\">\n\t\t\t\t<div class=\"elementor-widget-container\">\n\t\t\t\t\t<h3 class=\"elementor-heading-title elementor-size-default\">CL\u00cdNICA <b>ENDO<\/b> MADRID<\/h3>\t\t\t\t<\/div>\n\t\t\t\t<\/div>\n\t\t\t\t<div class=\"elementor-element elementor-element-055c73f elementor-widget elementor-widget-heading\" data-id=\"055c73f\" data-element_type=\"widget\" data-e-type=\"widget\" data-widget_type=\"heading.default\">\n\t\t\t\t<div class=\"elementor-widget-container\">\n\t\t\t\t\t<h1 class=\"elementor-heading-title elementor-size-default\">Cookies policy<\/h1>\t\t\t\t<\/div>\n\t\t\t\t<\/div>\n\t\t\t\t\t<\/div>\n\t\t<\/div>\n\t\t\t\t\t<\/div>\n\t\t<\/section>\n\t\t\t\t<section class=\"elementor-section elementor-top-section elementor-element elementor-element-462d0dcf elementor-section-boxed elementor-section-height-default elementor-section-height-default\" data-id=\"462d0dcf\" data-element_type=\"section\" data-e-type=\"section\">\n\t\t\t\t\t\t<div class=\"elementor-container elementor-column-gap-default\">\n\t\t\t\t\t<div class=\"elementor-column elementor-col-100 elementor-top-column elementor-element elementor-element-7bac4734\" data-id=\"7bac4734\" data-element_type=\"column\" data-e-type=\"column\">\n\t\t\t<div class=\"elementor-widget-wrap elementor-element-populated\">\n\t\t\t\t\t\t<div class=\"elementor-element elementor-element-7c64b00f elementor-widget elementor-widget-text-editor\" data-id=\"7c64b00f\" data-element_type=\"widget\" data-e-type=\"widget\" data-widget_type=\"text-editor.default\">\n\t\t\t\t<div class=\"elementor-widget-container\">\n\t\t\t\t\t\t\t\t\t<div class=\"elementor-element elementor-element-6650647 elementor-widget elementor-widget-text-editor\" data-id=\"6650647\" data-element_type=\"widget\" data-widget_type=\"text-editor.default\">\n<div class=\"elementor-widget-container\">\n<div class=\"elementor-text-editor elementor-clearfix\">\n<p>Nuestra p\u00e1gina web utiliza cookies para analizar la navegaci\u00f3n de usuarios.<\/p>\n<p>Las cookies son unos archivos que se instalan en el equipo desde el que accedes a nuestra web con las finalidades que se describen en esta p\u00e1gina.<\/p>\n<p>La aplicaci\u00f3n que utilizamos para obtener y analizar la informaci\u00f3n de la navegaci\u00f3n es:\u00a0<a href=\"http:\/\/www.google.com\/analytics\/\" target=\"_blank\" rel=\"noopener\">Google Analytics<\/a><\/p>\n<p>Esta aplicaci\u00f3n ha sido desarrollada por Google, que nos presta el servicio de an\u00e1lisis de la audiencia de nuestra p\u00e1gina. Esta empresa puede utilizar estos datos para mejorar sus propios servicios y para ofrecer servicios a otras empresas. Puedes conocer esos otros usos desde los enlaces indicados.<\/p>\n<p>Esta herramienta no obtiene datos de los nombres o apellidos de los usuarios ni de la direcci\u00f3n postal desde donde se conectan. La informaci\u00f3n que obtiene esta relacionada por ejemplo con el n\u00famero de p\u00e1ginas visitas, el idioma, red social en la que se publican nuestras noticias, la ciudad a la que est\u00e1 asignada la direcci\u00f3n IP desde la que acceden los usuarios, el n\u00famero de usuarios que nos visitan, la frecuencia y reincidencia de las visitas, el tiempo de visita, el navegador que usan, el operador o tipo de terminal desde el que se realiza la visita.<\/p>\n<p>Esta informaci\u00f3n la utilizamos para mejorar nuestra p\u00e1gina, detectar nuevas necesidades y valorar las mejoras a introducir con la finalidad de prestar un mejor servicio a los usuarios que nos visitan.<\/p>\n<p>Para permitir, conocer, bloquear o eliminar las cookies instaladas en tu equipo puedes hacerlo mediante la configuraci\u00f3n de las opciones del navegador instalado en su ordenador.<\/p>\n<p>Por ejemplo puedes encontrar informaci\u00f3n sobre c\u00f3mo hacerlo en el caso que uses como navegador:<\/p>\n<ul>\n<li>Firefox desde\u00a0<a href=\"https:\/\/support.mozilla.org\/es\/kb\/Borrar%20cookies\" target=\"_blank\" rel=\"noopener\">aqu\u00ed<\/a>.<\/li>\n<li>Chrome desde\u00a0<a href=\"https:\/\/support.google.com\/chrome\/answer\/95582\" target=\"_blank\" rel=\"noopener\">aqu\u00ed<\/a>.<\/li>\n<li>Explorer desde\u00a0<a href=\"http:\/\/windows.microsoft.com\/es-es\/windows7\/how-to-manage-cookies-in-internet-explorer-9\" target=\"_blank\" rel=\"noopener\">aqu\u00ed<\/a>.<\/li>\n<li>Safari desde\u00a0<a href=\"http:\/\/support.apple.com\/kb\/ph5042\" target=\"_blank\" rel=\"noopener\">aqu\u00ed<\/a>.<\/li>\n<li>Opera desde\u00a0<a href=\"http:\/\/help.opera.com\/Windows\/11.50\/es-ES\/cookies.html\" target=\"_blank\" rel=\"noopener\">aqu\u00ed<\/a>.<\/li>\n<\/ul>\n<\/div>\n<\/div>\n<\/div>\n<div class=\"elementor-element elementor-element-592b5ec elementor-widget-divider--view-line elementor-widget elementor-widget-divider\" data-id=\"592b5ec\" data-element_type=\"widget\" data-widget_type=\"divider.default\">\n<div class=\"elementor-widget-container\">\n<div class=\"elementor-divider\">\u00a0<\/div>\n<\/div>\n<\/div>\n\t\t\t\t\t\t\t\t<\/div>\n\t\t\t\t<\/div>\n\t\t\t\t\t<\/div>\n\t\t<\/div>\n\t\t\t\t\t<\/div>\n\t\t<\/section>\n\t\t\t\t<\/div>\n\t\t","protected":false},"excerpt":{"rendered":"<p>CL\u00cdNICA ENDO MADRID Cookies policy Nuestra p\u00e1gina web utiliza cookies para analizar la navegaci\u00f3n de usuarios. Las cookies son unos archivos que se instalan en el equipo desde el que accedes a nuestra web con las finalidades que se describen en esta p\u00e1gina. La aplicaci\u00f3n que utilizamos para obtener y analizar la informaci\u00f3n de la &#8230; <a title=\"Cookies Policy\" class=\"read-more\" href=\"https:\/\/clinicaendo.com\/en\/cookies-policy\/\" aria-label=\"Read more about Cookies Policy\">Read more<\/a><\/p>\n","protected":false},"author":1,"featured_media":0,"parent":0,"menu_order":0,"comment_status":"closed","ping_status":"closed","template":"","meta":{"footnotes":""},"class_list":["post-2750","page","type-page","status-publish"],"yoast_head":"<!-- This site is optimized with the Yoast SEO plugin v27.4 - https:\/\/yoast.com\/product\/yoast-seo-wordpress\/ -->\n<title>Cookies Policy - Cl\u00ednica Endo<\/title>\n<meta name=\"robots\" content=\"noindex, nofollow\" \/>\n<meta property=\"og:locale\" content=\"en_US\" \/>\n<meta property=\"og:type\" content=\"article\" \/>\n<meta property=\"og:title\" content=\"Cookies Policy - Cl\u00ednica Endo\" \/>\n<meta property=\"og:description\" content=\"CL\u00cdNICA ENDO MADRID Cookies policy Nuestra p\u00e1gina web utiliza cookies para analizar la navegaci\u00f3n de usuarios. Las cookies son unos archivos que se instalan en el equipo desde el que accedes a nuestra web con las finalidades que se describen en esta p\u00e1gina. La aplicaci\u00f3n que utilizamos para obtener y analizar la informaci\u00f3n de la ... Read more\" \/>\n<meta property=\"og:url\" content=\"https:\/\/clinicaendo.com\/en\/cookies-policy\/\" \/>\n<meta property=\"og:site_name\" content=\"Cl\u00ednica Endo\" \/>\n<meta name=\"twitter:card\" content=\"summary_large_image\" \/>\n<meta name=\"twitter:label1\" content=\"Est. reading time\" \/>\n\t<meta name=\"twitter:data1\" content=\"2 minutes\" \/>\n<script type=\"application\/ld+json\" class=\"yoast-schema-graph\">{\"@context\":\"https:\\\/\\\/schema.org\",\"@graph\":[{\"@type\":\"WebPage\",\"@id\":\"https:\\\/\\\/clinicaendo.com\\\/en\\\/cookies-policy\\\/\",\"url\":\"https:\\\/\\\/clinicaendo.com\\\/en\\\/cookies-policy\\\/\",\"name\":\"Cookies Policy - Cl\u00ednica Endo\",\"isPartOf\":{\"@id\":\"https:\\\/\\\/clinicaendo.com\\\/en\\\/#website\"},\"datePublished\":\"2021-06-11T09:45:36+00:00\",\"breadcrumb\":{\"@id\":\"https:\\\/\\\/clinicaendo.com\\\/en\\\/cookies-policy\\\/#breadcrumb\"},\"inLanguage\":\"en-US\",\"potentialAction\":[{\"@type\":\"ReadAction\",\"target\":[\"https:\\\/\\\/clinicaendo.com\\\/en\\\/cookies-policy\\\/\"]}]},{\"@type\":\"BreadcrumbList\",\"@id\":\"https:\\\/\\\/clinicaendo.com\\\/en\\\/cookies-policy\\\/#breadcrumb\",\"itemListElement\":[{\"@type\":\"ListItem\",\"position\":1,\"name\":\"Portada\",\"item\":\"https:\\\/\\\/clinicaendo.com\\\/en\\\/\"},{\"@type\":\"ListItem\",\"position\":2,\"name\":\"Cookies Policy\"}]},{\"@type\":\"WebSite\",\"@id\":\"https:\\\/\\\/clinicaendo.com\\\/en\\\/#website\",\"url\":\"https:\\\/\\\/clinicaendo.com\\\/en\\\/\",\"name\":\"Cl\u00ednica Endo\",\"description\":\"Centro odontol\u00f3gico con dedicaci\u00f3n exclusiva a la Endodoncia Microsc\u00f3pica y Traumatolog\u00eda Dental.\",\"publisher\":{\"@id\":\"https:\\\/\\\/clinicaendo.com\\\/en\\\/#organization\"},\"potentialAction\":[{\"@type\":\"SearchAction\",\"target\":{\"@type\":\"EntryPoint\",\"urlTemplate\":\"https:\\\/\\\/clinicaendo.com\\\/en\\\/?s={search_term_string}\"},\"query-input\":{\"@type\":\"PropertyValueSpecification\",\"valueRequired\":true,\"valueName\":\"search_term_string\"}}],\"inLanguage\":\"en-US\"},{\"@type\":\"Organization\",\"@id\":\"https:\\\/\\\/clinicaendo.com\\\/en\\\/#organization\",\"name\":\"Cl\u00ednica Endo\",\"url\":\"https:\\\/\\\/clinicaendo.com\\\/en\\\/\",\"logo\":{\"@type\":\"ImageObject\",\"inLanguage\":\"en-US\",\"@id\":\"https:\\\/\\\/clinicaendo.com\\\/en\\\/#\\\/schema\\\/logo\\\/image\\\/\",\"url\":\"https:\\\/\\\/clinicaendo.com\\\/wp-content\\\/uploads\\\/logotipo-horizontal-clinica-endo.png\",\"contentUrl\":\"https:\\\/\\\/clinicaendo.com\\\/wp-content\\\/uploads\\\/logotipo-horizontal-clinica-endo.png\",\"width\":398,\"height\":119,\"caption\":\"Cl\u00ednica Endo\"},\"image\":{\"@id\":\"https:\\\/\\\/clinicaendo.com\\\/en\\\/#\\\/schema\\\/logo\\\/image\\\/\"}}]}<\/script>\n<!-- \/ Yoast SEO plugin. -->","yoast_head_json":{"title":"Cookies Policy - Cl\u00ednica Endo","robots":{"index":"noindex","follow":"nofollow"},"og_locale":"en_US","og_type":"article","og_title":"Cookies Policy - Cl\u00ednica Endo","og_description":"CL\u00cdNICA ENDO MADRID Cookies policy Nuestra p\u00e1gina web utiliza cookies para analizar la navegaci\u00f3n de usuarios. Las cookies son unos archivos que se instalan en el equipo desde el que accedes a nuestra web con las finalidades que se describen en esta p\u00e1gina. La aplicaci\u00f3n que utilizamos para obtener y analizar la informaci\u00f3n de la ... Read more","og_url":"https:\/\/clinicaendo.com\/en\/cookies-policy\/","og_site_name":"Cl\u00ednica Endo","twitter_card":"summary_large_image","twitter_misc":{"Est. reading time":"2 minutes"},"schema":{"@context":"https:\/\/schema.org","@graph":[{"@type":"WebPage","@id":"https:\/\/clinicaendo.com\/en\/cookies-policy\/","url":"https:\/\/clinicaendo.com\/en\/cookies-policy\/","name":"Cookies Policy - Cl\u00ednica Endo","isPartOf":{"@id":"https:\/\/clinicaendo.com\/en\/#website"},"datePublished":"2021-06-11T09:45:36+00:00","breadcrumb":{"@id":"https:\/\/clinicaendo.com\/en\/cookies-policy\/#breadcrumb"},"inLanguage":"en-US","potentialAction":[{"@type":"ReadAction","target":["https:\/\/clinicaendo.com\/en\/cookies-policy\/"]}]},{"@type":"BreadcrumbList","@id":"https:\/\/clinicaendo.com\/en\/cookies-policy\/#breadcrumb","itemListElement":[{"@type":"ListItem","position":1,"name":"Portada","item":"https:\/\/clinicaendo.com\/en\/"},{"@type":"ListItem","position":2,"name":"Cookies Policy"}]},{"@type":"WebSite","@id":"https:\/\/clinicaendo.com\/en\/#website","url":"https:\/\/clinicaendo.com\/en\/","name":"Cl\u00ednica Endo","description":"Centro odontol\u00f3gico con dedicaci\u00f3n exclusiva a la Endodoncia Microsc\u00f3pica y Traumatolog\u00eda Dental.","publisher":{"@id":"https:\/\/clinicaendo.com\/en\/#organization"},"potentialAction":[{"@type":"SearchAction","target":{"@type":"EntryPoint","urlTemplate":"https:\/\/clinicaendo.com\/en\/?s={search_term_string}"},"query-input":{"@type":"PropertyValueSpecification","valueRequired":true,"valueName":"search_term_string"}}],"inLanguage":"en-US"},{"@type":"Organization","@id":"https:\/\/clinicaendo.com\/en\/#organization","name":"Cl\u00ednica Endo","url":"https:\/\/clinicaendo.com\/en\/","logo":{"@type":"ImageObject","inLanguage":"en-US","@id":"https:\/\/clinicaendo.com\/en\/#\/schema\/logo\/image\/","url":"https:\/\/clinicaendo.com\/wp-content\/uploads\/logotipo-horizontal-clinica-endo.png","contentUrl":"https:\/\/clinicaendo.com\/wp-content\/uploads\/logotipo-horizontal-clinica-endo.png","width":398,"height":119,"caption":"Cl\u00ednica Endo"},"image":{"@id":"https:\/\/clinicaendo.com\/en\/#\/schema\/logo\/image\/"}}]}},"_links":{"self":[{"href":"https:\/\/clinicaendo.com\/en\/wp-json\/wp\/v2\/pages\/2750","targetHints":{"allow":["GET"]}}],"collection":[{"href":"https:\/\/clinicaendo.com\/en\/wp-json\/wp\/v2\/pages"}],"about":[{"href":"https:\/\/clinicaendo.com\/en\/wp-json\/wp\/v2\/types\/page"}],"author":[{"embeddable":true,"href":"https:\/\/clinicaendo.com\/en\/wp-json\/wp\/v2\/users\/1"}],"replies":[{"embeddable":true,"href":"https:\/\/clinicaendo.com\/en\/wp-json\/wp\/v2\/comments?post=2750"}],"version-history":[{"count":1,"href":"https:\/\/clinicaendo.com\/en\/wp-json\/wp\/v2\/pages\/2750\/revisions"}],"predecessor-version":[{"id":2751,"href":"https:\/\/clinicaendo.com\/en\/wp-json\/wp\/v2\/pages\/2750\/revisions\/2751"}],"wp:attachment":[{"href":"https:\/\/clinicaendo.com\/en\/wp-json\/wp\/v2\/media?parent=2750"}],"curies":[{"name":"wp","href":"https:\/\/api.w.org\/{rel}","templated":true}]}}